{"id":5065,"date":"2021-10-06T18:49:04","date_gmt":"2021-10-06T22:49:04","guid":{"rendered":"https:\/\/horizantsolutions.com\/privacy-policy\/"},"modified":"2022-02-13T19:14:55","modified_gmt":"2022-02-14T00:14:55","slug":"politique-de-confidentialite","status":"publish","type":"page","link":"https:\/\/horizantsolutions.com\/fr\/politique-de-confidentialite\/","title":{"rendered":"Politique de confidentialit\u00e9"},"content":{"rendered":"\n<h2 class=\"wp-block-heading\"><strong>Horizant s&rsquo;engage \u00e0 s\u00e9curiser vos renseignements<\/strong><\/h2>\n\n\n\n<p><em>Cette politique de confidentialit\u00e9 a \u00e9t\u00e9 r\u00e9vis\u00e9e pour la derni\u00e8re fois le 10 ao\u00fbt 2021.<\/em><\/p>\n\n\n\n<p>Horizant Inc. (\u00abnous\u00bb ou \u00abnotre\u00bb) exploite horizantsolutions.com (le \u00abSite\u00bb). Cette page d\u00e9crit nos politiques sur la collecte, l&rsquo;utilisation et la divulgation des Renseignements Personnels re\u00e7us des utilisateurs du Site.&nbsp;<\/p>\n\n\n\n<p>Nous utilisons seulement vos Renseignements Personnels pour alimenter et am\u00e9liorer le Site. En utilisant ce Site, vous consentez \u00e0 la collecte et \u00e0 l&rsquo;utilisation de renseignements en fonction de cette politique.&nbsp;<\/p>\n\n\n\n<p>Sauf avis contraire clairement d\u00e9fini dans cette Politique de Confidentialit\u00e9, les modalit\u00e9s incluses dans cette Politique de Confidentialit\u00e9 ont les m\u00eames significations que celles dans nos Termes et Conditions.&nbsp;&nbsp;<\/p>\n\n\n\n<h2 class=\"wp-block-heading\"><strong>Collecte et utilisation de renseignements&nbsp;<\/strong><\/h2>\n\n\n\n<p>Pendant que vous utilisez notre Site, nous pourrions vous demander de fournir certains renseignements personnels pour vous identifier et vous contacter. Les renseignements personnels pourraient inclure, sans s&rsquo;y limiter, votre nom, votre adresse courriel ou votre num\u00e9ro de t\u00e9l\u00e9phone (\u00abRenseignements Personnels\u00bb).<\/p>\n\n\n\n<h2 class=\"wp-block-heading\"><strong>Donn\u00e9es consign\u00e9es<\/strong><\/h2>\n\n\n\n<p>Comme plusieurs op\u00e9rateurs de site, nous collectons des informations que votre navigateur envoie \u00e0 chaque fois que vous visitez notre site (\u00abDonn\u00e9es consign\u00e9es\u00bb). Ces donn\u00e9es peuvent inclure des informations comme le protocole internet (\u00abadresse IP\u00bb) de votre ordinateur, le type de navigateur, la version du navigateur, les pages de notre Site que vous consultez, l&rsquo;heure et la date de votre visite, le temps pass\u00e9 sur ces pages et autres statistiques.&nbsp;<\/p>\n\n\n\n<h2 class=\"wp-block-heading\"><strong>Cookies<\/strong><\/h2>\n\n\n\n<p>Les cookies sont des fichiers contenant une petite quantit\u00e9 de donn\u00e9es, qui pourraient inclure un identifiant unique anonyme. Les cookies sont envoy\u00e9s d&rsquo;un site web \u00e0 votre navigateur et sont stock\u00e9s sur le disque dur de votre ordinateur.<\/p>\n\n\n\n<p>Comme plusieurs sites, nous utilisons des \u00abcookies\u00bb pour r\u00e9colter des informations. Vous pouvez configurer votre navigateur pour qu&rsquo;il bloque les cookies ou vous informer quand un cookie est envoy\u00e9. Cependant, si vous n&rsquo;acceptez pas les cookies, vous pourriez ne pas \u00eatre en mesure de profiter de certaines sections de notre Site.&nbsp;<\/p>\n\n\n\n<h2 class=\"wp-block-heading\"><strong>Donn\u00e9es d\u00e9mographiques anonymes&nbsp;<\/strong><\/h2>\n\n\n\n<p>Dans le cadre de notre suivi anonyme, nous collectons des informations sur le genre, la tranche d&rsquo;\u00e2ge et les int\u00e9r\u00eats g\u00e9n\u00e9raux (par exemple \u00abvoyage\u00bb ou \u00abnouvelles\u00bb). Cela nous aide \u00e0 comprendre nos utilisateurs pour am\u00e9liorer notre site web. Nous ne collectons PAS des informations qui:&nbsp;<\/p>\n\n\n\n<ul class=\"wp-block-list\"><li>Peuvent \u00eatre utilis\u00e9es pour vous identifier personnellement.<\/li><li>Refl\u00e8tent votre foi, votre patrimoine racial ou pr\u00e9f\u00e9rences sexuelles.<\/li><\/ul>\n\n\n\n<p>Si le suivi anonyme vous pr\u00e9occupe, vous pouvez d\u00e9sactiver les cookies de Google en <a href=\"https:\/\/tools.google.com\/dlpage\/gaoptout?hl=fr\" target=\"_blank\" rel=\"noreferrer noopener nofollow\">utilisant l&rsquo;information et les outils disponibles sur cette page<\/a>.\u00a0\u00a0<\/p>\n\n\n\n<h2 class=\"wp-block-heading\"><strong>S\u00e9curit\u00e9<\/strong><\/h2>\n\n\n\n<p>La s\u00e9curit\u00e9 de vos renseignements personnels est importante pour nous, mais rappelez-vous qu&rsquo;aucune m\u00e9thode de transmission sur internet, ni aucune m\u00e9thode de stockage \u00e9lectronique, est s\u00e9curis\u00e9e \u00e0 100%. Bien que nous soyons fiers d&rsquo;utiliser des moyens commercialement acceptables pour prot\u00e9ger vos Renseignements Personnels, nous ne pouvons garantir leur s\u00e9curit\u00e9 absolue.&nbsp;<\/p>\n\n\n\n<h2 class=\"wp-block-heading\"><strong>Liens vers d&rsquo;autres sites<\/strong><\/h2>\n\n\n\n<p>Notre Site pourrait contenir des liens menant \u00e0 d&rsquo;autres sites qui ne sont pas op\u00e9r\u00e9s par nous. Si vous cliquez sur un lien d&rsquo;un tiers, vous serez redirig\u00e9s vers le site de ce tiers. Nous vous conseillons fortement de lire la Politique de Confidentialit\u00e9 de chaque site que vous visitez.&nbsp;<\/p>\n\n\n\n<p>Horizant n&rsquo;a aucun contr\u00f4le sur et n&rsquo;assume aucune responsabilit\u00e9 pour le contenu, les politiques de confidentialit\u00e9 ou les pratiques de tout site ou service de tiers.&nbsp;<\/p>\n\n\n\n<h2 class=\"wp-block-heading\"><strong>Changements \u00e0 cette Politique de Confidentialit\u00e9<\/strong><\/h2>\n\n\n\n<p>Horizant pourrait actualiser cette Politique de Confidentialit\u00e9 de temps \u00e0 autres. Nous vous informerons de tout changement en publiant la nouvelle Politique de Confidentialit\u00e9 sur le Site. Vous nous conseillons de r\u00e9viser r\u00e9guli\u00e8rement cette Politique de Confidentialit\u00e9 pour y d\u00e9celer des modifications.&nbsp;&nbsp;&nbsp;<\/p>\n\n\n\n<h2 class=\"wp-block-heading\"><strong>Contactez-nous<\/strong><\/h2>\n\n\n\n<p><span class=\"has-inline-color has-cyan-bluish-gray-color\">Si vous avez des questions \u00e0 propos de cette<strong> <\/strong>Politique de Confidentialit\u00e9, merci de nous contacter.\u00a0<br>Publi\u00e9 avec la permission de<\/span> <a href=\"http:\/\/termsfeed.com\/privacy-policy\/generator\/\" target=\"_blank\" rel=\"noreferrer noopener nofollow\">TermsFeed Generator<\/a>.<\/p>\n","protected":false},"excerpt":{"rendered":"<p>Horizant s&rsquo;engage \u00e0 s\u00e9curiser vos renseignements Cette politique de confidentialit\u00e9 a \u00e9t\u00e9 r\u00e9vis\u00e9e pour la derni\u00e8re fois le 10 ao\u00fbt<\/p>\n","protected":false},"author":3,"featured_media":0,"parent":0,"menu_order":0,"comment_status":"closed","ping_status":"open","template":"page-templates\/simple-content.php","meta":{"_acf_changed":false,"content-type":"","footnotes":""},"class_list":["post-5065","page","type-page","status-publish","hentry"],"acf":[],"yoast_head":"<!-- This site is optimized with the Yoast SEO plugin v27.1.1 - https:\/\/yoast.com\/product\/yoast-seo-wordpress\/ -->\n<title>Politique de confidentialit\u00e9 et renseignements s\u00e9curis\u00e9s| HORIZANT.<\/title>\n<meta name=\"description\" content=\"Votre confidentialit\u00e9 est importante pour nous. D\u00e9couvrez comment nous r\u00e9coltons et utilisons vos renseignements en lisant nos r\u00e8glements de respect de la vie priv\u00e9e et de la confidentialit\u00e9.\" \/>\n<meta name=\"robots\" content=\"index, follow, max-snippet:-1, max-image-preview:large, max-video-preview:-1\" \/>\n<link rel=\"canonical\" href=\"https:\/\/horizantsolutions.com\/fr\/politique-de-confidentialite\/\" \/>\n<meta property=\"og:locale\" content=\"fr_FR\" \/>\n<meta property=\"og:type\" content=\"article\" \/>\n<meta property=\"og:title\" content=\"Politique de confidentialit\u00e9 et renseignements s\u00e9curis\u00e9s| HORIZANT.\" \/>\n<meta property=\"og:description\" content=\"Votre confidentialit\u00e9 est importante pour nous. D\u00e9couvrez comment nous r\u00e9coltons et utilisons vos renseignements en lisant nos r\u00e8glements de respect de la vie priv\u00e9e et de la confidentialit\u00e9.\" \/>\n<meta property=\"og:url\" content=\"https:\/\/horizantsolutions.com\/fr\/politique-de-confidentialite\/\" \/>\n<meta property=\"og:site_name\" content=\"Horizant Solutions\" \/>\n<meta property=\"article:modified_time\" content=\"2022-02-14T00:14:55+00:00\" \/>\n<meta name=\"twitter:card\" content=\"summary_large_image\" \/>\n<meta name=\"twitter:label1\" content=\"Dur\u00e9e de lecture estim\u00e9e\" \/>\n\t<meta name=\"twitter:data1\" content=\"3 minutes\" \/>\n<script type=\"application\/ld+json\" class=\"yoast-schema-graph\">{\"@context\":\"https:\/\/schema.org\",\"@graph\":[{\"@type\":\"WebPage\",\"@id\":\"https:\/\/horizantsolutions.com\/fr\/politique-de-confidentialite\/\",\"url\":\"https:\/\/horizantsolutions.com\/fr\/politique-de-confidentialite\/\",\"name\":\"Politique de confidentialit\u00e9 et renseignements s\u00e9curis\u00e9s| HORIZANT.\",\"isPartOf\":{\"@id\":\"https:\/\/horizantsolutions.com\/#website\"},\"datePublished\":\"2021-10-06T22:49:04+00:00\",\"dateModified\":\"2022-02-14T00:14:55+00:00\",\"description\":\"Votre confidentialit\u00e9 est importante pour nous. D\u00e9couvrez comment nous r\u00e9coltons et utilisons vos renseignements en lisant nos r\u00e8glements de respect de la vie priv\u00e9e et de la confidentialit\u00e9.\",\"breadcrumb\":{\"@id\":\"https:\/\/horizantsolutions.com\/fr\/politique-de-confidentialite\/#breadcrumb\"},\"inLanguage\":\"fr-FR\",\"potentialAction\":[{\"@type\":\"ReadAction\",\"target\":[\"https:\/\/horizantsolutions.com\/fr\/politique-de-confidentialite\/\"]}]},{\"@type\":\"BreadcrumbList\",\"@id\":\"https:\/\/horizantsolutions.com\/fr\/politique-de-confidentialite\/#breadcrumb\",\"itemListElement\":[{\"@type\":\"ListItem\",\"position\":1,\"name\":\"Home\",\"item\":\"https:\/\/horizantsolutions.com\/fr\/\"},{\"@type\":\"ListItem\",\"position\":2,\"name\":\"Politique de confidentialit\u00e9\"}]},{\"@type\":\"WebSite\",\"@id\":\"https:\/\/horizantsolutions.com\/#website\",\"url\":\"https:\/\/horizantsolutions.com\/\",\"name\":\"Horizant Solutions\",\"description\":\"North America\u2019s Leading Integrator of IWMS Software\",\"publisher\":{\"@id\":\"https:\/\/horizantsolutions.com\/#organization\"},\"potentialAction\":[{\"@type\":\"SearchAction\",\"target\":{\"@type\":\"EntryPoint\",\"urlTemplate\":\"https:\/\/horizantsolutions.com\/?s={search_term_string}\"},\"query-input\":{\"@type\":\"PropertyValueSpecification\",\"valueRequired\":true,\"valueName\":\"search_term_string\"}}],\"inLanguage\":\"fr-FR\"},{\"@type\":\"Organization\",\"@id\":\"https:\/\/horizantsolutions.com\/#organization\",\"name\":\"Horizant Solutions\",\"url\":\"https:\/\/horizantsolutions.com\/\",\"logo\":{\"@type\":\"ImageObject\",\"inLanguage\":\"fr-FR\",\"@id\":\"https:\/\/horizantsolutions.com\/#\/schema\/logo\/image\/\",\"url\":\"https:\/\/horizantsolutions.com\/wp-content\/uploads\/2021\/12\/horizant-wordmark-logo-blue.png\",\"contentUrl\":\"https:\/\/horizantsolutions.com\/wp-content\/uploads\/2021\/12\/horizant-wordmark-logo-blue.png\",\"width\":787,\"height\":213,\"caption\":\"Horizant Solutions\"},\"image\":{\"@id\":\"https:\/\/horizantsolutions.com\/#\/schema\/logo\/image\/\"}}]}<\/script>\n<!-- \/ Yoast SEO plugin. -->","yoast_head_json":{"title":"Politique de confidentialit\u00e9 et renseignements s\u00e9curis\u00e9s| HORIZANT.","description":"Votre confidentialit\u00e9 est importante pour nous. D\u00e9couvrez comment nous r\u00e9coltons et utilisons vos renseignements en lisant nos r\u00e8glements de respect de la vie priv\u00e9e et de la confidentialit\u00e9.","robots":{"index":"index","follow":"follow","max-snippet":"max-snippet:-1","max-image-preview":"max-image-preview:large","max-video-preview":"max-video-preview:-1"},"canonical":"https:\/\/horizantsolutions.com\/fr\/politique-de-confidentialite\/","og_locale":"fr_FR","og_type":"article","og_title":"Politique de confidentialit\u00e9 et renseignements s\u00e9curis\u00e9s| HORIZANT.","og_description":"Votre confidentialit\u00e9 est importante pour nous. D\u00e9couvrez comment nous r\u00e9coltons et utilisons vos renseignements en lisant nos r\u00e8glements de respect de la vie priv\u00e9e et de la confidentialit\u00e9.","og_url":"https:\/\/horizantsolutions.com\/fr\/politique-de-confidentialite\/","og_site_name":"Horizant Solutions","article_modified_time":"2022-02-14T00:14:55+00:00","twitter_card":"summary_large_image","twitter_misc":{"Dur\u00e9e de lecture estim\u00e9e":"3 minutes"},"schema":{"@context":"https:\/\/schema.org","@graph":[{"@type":"WebPage","@id":"https:\/\/horizantsolutions.com\/fr\/politique-de-confidentialite\/","url":"https:\/\/horizantsolutions.com\/fr\/politique-de-confidentialite\/","name":"Politique de confidentialit\u00e9 et renseignements s\u00e9curis\u00e9s| HORIZANT.","isPartOf":{"@id":"https:\/\/horizantsolutions.com\/#website"},"datePublished":"2021-10-06T22:49:04+00:00","dateModified":"2022-02-14T00:14:55+00:00","description":"Votre confidentialit\u00e9 est importante pour nous. D\u00e9couvrez comment nous r\u00e9coltons et utilisons vos renseignements en lisant nos r\u00e8glements de respect de la vie priv\u00e9e et de la confidentialit\u00e9.","breadcrumb":{"@id":"https:\/\/horizantsolutions.com\/fr\/politique-de-confidentialite\/#breadcrumb"},"inLanguage":"fr-FR","potentialAction":[{"@type":"ReadAction","target":["https:\/\/horizantsolutions.com\/fr\/politique-de-confidentialite\/"]}]},{"@type":"BreadcrumbList","@id":"https:\/\/horizantsolutions.com\/fr\/politique-de-confidentialite\/#breadcrumb","itemListElement":[{"@type":"ListItem","position":1,"name":"Home","item":"https:\/\/horizantsolutions.com\/fr\/"},{"@type":"ListItem","position":2,"name":"Politique de confidentialit\u00e9"}]},{"@type":"WebSite","@id":"https:\/\/horizantsolutions.com\/#website","url":"https:\/\/horizantsolutions.com\/","name":"Horizant Solutions","description":"North America\u2019s Leading Integrator of IWMS Software","publisher":{"@id":"https:\/\/horizantsolutions.com\/#organization"},"potentialAction":[{"@type":"SearchAction","target":{"@type":"EntryPoint","urlTemplate":"https:\/\/horizantsolutions.com\/?s={search_term_string}"},"query-input":{"@type":"PropertyValueSpecification","valueRequired":true,"valueName":"search_term_string"}}],"inLanguage":"fr-FR"},{"@type":"Organization","@id":"https:\/\/horizantsolutions.com\/#organization","name":"Horizant Solutions","url":"https:\/\/horizantsolutions.com\/","logo":{"@type":"ImageObject","inLanguage":"fr-FR","@id":"https:\/\/horizantsolutions.com\/#\/schema\/logo\/image\/","url":"https:\/\/horizantsolutions.com\/wp-content\/uploads\/2021\/12\/horizant-wordmark-logo-blue.png","contentUrl":"https:\/\/horizantsolutions.com\/wp-content\/uploads\/2021\/12\/horizant-wordmark-logo-blue.png","width":787,"height":213,"caption":"Horizant Solutions"},"image":{"@id":"https:\/\/horizantsolutions.com\/#\/schema\/logo\/image\/"}}]}},"_links":{"self":[{"href":"https:\/\/horizantsolutions.com\/fr\/wp-json\/wp\/v2\/pages\/5065","targetHints":{"allow":["GET"]}}],"collection":[{"href":"https:\/\/horizantsolutions.com\/fr\/wp-json\/wp\/v2\/pages"}],"about":[{"href":"https:\/\/horizantsolutions.com\/fr\/wp-json\/wp\/v2\/types\/page"}],"author":[{"embeddable":true,"href":"https:\/\/horizantsolutions.com\/fr\/wp-json\/wp\/v2\/users\/3"}],"replies":[{"embeddable":true,"href":"https:\/\/horizantsolutions.com\/fr\/wp-json\/wp\/v2\/comments?post=5065"}],"version-history":[{"count":0,"href":"https:\/\/horizantsolutions.com\/fr\/wp-json\/wp\/v2\/pages\/5065\/revisions"}],"wp:attachment":[{"href":"https:\/\/horizantsolutions.com\/fr\/wp-json\/wp\/v2\/media?parent=5065"}],"curies":[{"name":"wp","href":"https:\/\/api.w.org\/{rel}","templated":true}]}}