{"id":5035,"date":"2021-11-06T22:19:04","date_gmt":"2021-11-07T02:19:04","guid":{"rendered":"https:\/\/horizantsolutions.com\/portfolio\/"},"modified":"2022-02-13T22:43:10","modified_gmt":"2022-02-14T03:43:10","slug":"portefeuille","status":"publish","type":"page","link":"https:\/\/horizantsolutions.com\/fr\/solutions\/portefeuille\/","title":{"rendered":"Portefeuille"},"content":{"rendered":"","protected":false},"excerpt":{"rendered":"","protected":false},"author":3,"featured_media":3402,"parent":5085,"menu_order":0,"comment_status":"closed","ping_status":"closed","template":"page-templates\/solutions-child.php","meta":{"_acf_changed":false,"content-type":"","footnotes":""},"class_list":["post-5035","page","type-page","status-publish","has-post-thumbnail","hentry"],"acf":[],"yoast_head":"<!-- This site is optimized with the Yoast SEO plugin v27.1.1 - https:\/\/yoast.com\/product\/yoast-seo-wordpress\/ -->\n<title>Gestion du Patrimoine Immobilier | HORIZANT.<\/title>\n<meta name=\"description\" content=\"Que ce soit pour des baux individuels ou le portefeuille complet du patrimoine immobilier, vivez l&#039;exp\u00e9rience et la diff\u00e9rence que une solution int\u00e9gr\u00e9e de gestion du lieu de travail (IWMS) peut cr\u00e9er en optimisant vos strat\u00e9gies en milieu de travail.\" \/>\n<meta name=\"robots\" content=\"index, follow, max-snippet:-1, max-image-preview:large, max-video-preview:-1\" \/>\n<link rel=\"canonical\" href=\"https:\/\/horizantsolutions.com\/fr\/solutions\/portefeuille\/\" \/>\n<meta property=\"og:locale\" content=\"fr_FR\" \/>\n<meta property=\"og:type\" content=\"article\" \/>\n<meta property=\"og:title\" content=\"Gestion du Patrimoine Immobilier | HORIZANT.\" \/>\n<meta property=\"og:description\" content=\"Que ce soit pour des baux individuels ou le portefeuille complet du patrimoine immobilier, vivez l&#039;exp\u00e9rience et la diff\u00e9rence que une solution int\u00e9gr\u00e9e de gestion du lieu de travail (IWMS) peut cr\u00e9er en optimisant vos strat\u00e9gies en milieu de travail.\" \/>\n<meta property=\"og:url\" content=\"https:\/\/horizantsolutions.com\/fr\/solutions\/portefeuille\/\" \/>\n<meta property=\"og:site_name\" content=\"Horizant Solutions\" \/>\n<meta property=\"article:modified_time\" content=\"2022-02-14T03:43:10+00:00\" \/>\n<meta property=\"og:image\" content=\"https:\/\/horizantsolutions.com\/wp-content\/uploads\/2021\/11\/portfolio.png\" \/>\n\t<meta property=\"og:image:width\" content=\"1715\" \/>\n\t<meta property=\"og:image:height\" content=\"495\" \/>\n\t<meta property=\"og:image:type\" content=\"image\/png\" \/>\n<meta name=\"twitter:card\" content=\"summary_large_image\" \/>\n<script type=\"application\/ld+json\" class=\"yoast-schema-graph\">{\"@context\":\"https:\/\/schema.org\",\"@graph\":[{\"@type\":\"WebPage\",\"@id\":\"https:\/\/horizantsolutions.com\/fr\/solutions\/portefeuille\/\",\"url\":\"https:\/\/horizantsolutions.com\/fr\/solutions\/portefeuille\/\",\"name\":\"Gestion du Patrimoine Immobilier | HORIZANT.\",\"isPartOf\":{\"@id\":\"https:\/\/horizantsolutions.com\/#website\"},\"primaryImageOfPage\":{\"@id\":\"https:\/\/horizantsolutions.com\/fr\/solutions\/portefeuille\/#primaryimage\"},\"image\":{\"@id\":\"https:\/\/horizantsolutions.com\/fr\/solutions\/portefeuille\/#primaryimage\"},\"thumbnailUrl\":\"https:\/\/horizantsolutions.com\/wp-content\/uploads\/2021\/11\/portfolio.png\",\"datePublished\":\"2021-11-07T02:19:04+00:00\",\"dateModified\":\"2022-02-14T03:43:10+00:00\",\"description\":\"Que ce soit pour des baux individuels ou le portefeuille complet du patrimoine immobilier, vivez l'exp\u00e9rience et la diff\u00e9rence que une solution int\u00e9gr\u00e9e de gestion du lieu de travail (IWMS) peut cr\u00e9er en optimisant vos strat\u00e9gies en milieu de travail.\",\"breadcrumb\":{\"@id\":\"https:\/\/horizantsolutions.com\/fr\/solutions\/portefeuille\/#breadcrumb\"},\"inLanguage\":\"fr-FR\",\"potentialAction\":[{\"@type\":\"ReadAction\",\"target\":[\"https:\/\/horizantsolutions.com\/fr\/solutions\/portefeuille\/\"]}]},{\"@type\":\"ImageObject\",\"inLanguage\":\"fr-FR\",\"@id\":\"https:\/\/horizantsolutions.com\/fr\/solutions\/portefeuille\/#primaryimage\",\"url\":\"https:\/\/horizantsolutions.com\/wp-content\/uploads\/2021\/11\/portfolio.png\",\"contentUrl\":\"https:\/\/horizantsolutions.com\/wp-content\/uploads\/2021\/11\/portfolio.png\",\"width\":1600,\"height\":462,\"caption\":\"portfolio-header\"},{\"@type\":\"BreadcrumbList\",\"@id\":\"https:\/\/horizantsolutions.com\/fr\/solutions\/portefeuille\/#breadcrumb\",\"itemListElement\":[{\"@type\":\"ListItem\",\"position\":1,\"name\":\"Home\",\"item\":\"https:\/\/horizantsolutions.com\/fr\/\"},{\"@type\":\"ListItem\",\"position\":2,\"name\":\"Solutions\",\"item\":\"https:\/\/horizantsolutions.com\/fr\/solutions\/\"},{\"@type\":\"ListItem\",\"position\":3,\"name\":\"Portefeuille\"}]},{\"@type\":\"WebSite\",\"@id\":\"https:\/\/horizantsolutions.com\/#website\",\"url\":\"https:\/\/horizantsolutions.com\/\",\"name\":\"Horizant Solutions\",\"description\":\"North America\u2019s Leading Integrator of IWMS Software\",\"publisher\":{\"@id\":\"https:\/\/horizantsolutions.com\/#organization\"},\"potentialAction\":[{\"@type\":\"SearchAction\",\"target\":{\"@type\":\"EntryPoint\",\"urlTemplate\":\"https:\/\/horizantsolutions.com\/?s={search_term_string}\"},\"query-input\":{\"@type\":\"PropertyValueSpecification\",\"valueRequired\":true,\"valueName\":\"search_term_string\"}}],\"inLanguage\":\"fr-FR\"},{\"@type\":\"Organization\",\"@id\":\"https:\/\/horizantsolutions.com\/#organization\",\"name\":\"Horizant Solutions\",\"url\":\"https:\/\/horizantsolutions.com\/\",\"logo\":{\"@type\":\"ImageObject\",\"inLanguage\":\"fr-FR\",\"@id\":\"https:\/\/horizantsolutions.com\/#\/schema\/logo\/image\/\",\"url\":\"https:\/\/horizantsolutions.com\/wp-content\/uploads\/2021\/12\/horizant-wordmark-logo-blue.png\",\"contentUrl\":\"https:\/\/horizantsolutions.com\/wp-content\/uploads\/2021\/12\/horizant-wordmark-logo-blue.png\",\"width\":787,\"height\":213,\"caption\":\"Horizant Solutions\"},\"image\":{\"@id\":\"https:\/\/horizantsolutions.com\/#\/schema\/logo\/image\/\"}}]}<\/script>\n<!-- \/ Yoast SEO plugin. -->","yoast_head_json":{"title":"Gestion du Patrimoine Immobilier | HORIZANT.","description":"Que ce soit pour des baux individuels ou le portefeuille complet du patrimoine immobilier, vivez l'exp\u00e9rience et la diff\u00e9rence que une solution int\u00e9gr\u00e9e de gestion du lieu de travail (IWMS) peut cr\u00e9er en optimisant vos strat\u00e9gies en milieu de travail.","robots":{"index":"index","follow":"follow","max-snippet":"max-snippet:-1","max-image-preview":"max-image-preview:large","max-video-preview":"max-video-preview:-1"},"canonical":"https:\/\/horizantsolutions.com\/fr\/solutions\/portefeuille\/","og_locale":"fr_FR","og_type":"article","og_title":"Gestion du Patrimoine Immobilier | HORIZANT.","og_description":"Que ce soit pour des baux individuels ou le portefeuille complet du patrimoine immobilier, vivez l'exp\u00e9rience et la diff\u00e9rence que une solution int\u00e9gr\u00e9e de gestion du lieu de travail (IWMS) peut cr\u00e9er en optimisant vos strat\u00e9gies en milieu de travail.","og_url":"https:\/\/horizantsolutions.com\/fr\/solutions\/portefeuille\/","og_site_name":"Horizant Solutions","article_modified_time":"2022-02-14T03:43:10+00:00","og_image":[{"width":1715,"height":495,"url":"https:\/\/horizantsolutions.com\/wp-content\/uploads\/2021\/11\/portfolio.png","type":"image\/png"}],"twitter_card":"summary_large_image","schema":{"@context":"https:\/\/schema.org","@graph":[{"@type":"WebPage","@id":"https:\/\/horizantsolutions.com\/fr\/solutions\/portefeuille\/","url":"https:\/\/horizantsolutions.com\/fr\/solutions\/portefeuille\/","name":"Gestion du Patrimoine Immobilier | HORIZANT.","isPartOf":{"@id":"https:\/\/horizantsolutions.com\/#website"},"primaryImageOfPage":{"@id":"https:\/\/horizantsolutions.com\/fr\/solutions\/portefeuille\/#primaryimage"},"image":{"@id":"https:\/\/horizantsolutions.com\/fr\/solutions\/portefeuille\/#primaryimage"},"thumbnailUrl":"https:\/\/horizantsolutions.com\/wp-content\/uploads\/2021\/11\/portfolio.png","datePublished":"2021-11-07T02:19:04+00:00","dateModified":"2022-02-14T03:43:10+00:00","description":"Que ce soit pour des baux individuels ou le portefeuille complet du patrimoine immobilier, vivez l'exp\u00e9rience et la diff\u00e9rence que une solution int\u00e9gr\u00e9e de gestion du lieu de travail (IWMS) peut cr\u00e9er en optimisant vos strat\u00e9gies en milieu de travail.","breadcrumb":{"@id":"https:\/\/horizantsolutions.com\/fr\/solutions\/portefeuille\/#breadcrumb"},"inLanguage":"fr-FR","potentialAction":[{"@type":"ReadAction","target":["https:\/\/horizantsolutions.com\/fr\/solutions\/portefeuille\/"]}]},{"@type":"ImageObject","inLanguage":"fr-FR","@id":"https:\/\/horizantsolutions.com\/fr\/solutions\/portefeuille\/#primaryimage","url":"https:\/\/horizantsolutions.com\/wp-content\/uploads\/2021\/11\/portfolio.png","contentUrl":"https:\/\/horizantsolutions.com\/wp-content\/uploads\/2021\/11\/portfolio.png","width":1600,"height":462,"caption":"portfolio-header"},{"@type":"BreadcrumbList","@id":"https:\/\/horizantsolutions.com\/fr\/solutions\/portefeuille\/#breadcrumb","itemListElement":[{"@type":"ListItem","position":1,"name":"Home","item":"https:\/\/horizantsolutions.com\/fr\/"},{"@type":"ListItem","position":2,"name":"Solutions","item":"https:\/\/horizantsolutions.com\/fr\/solutions\/"},{"@type":"ListItem","position":3,"name":"Portefeuille"}]},{"@type":"WebSite","@id":"https:\/\/horizantsolutions.com\/#website","url":"https:\/\/horizantsolutions.com\/","name":"Horizant Solutions","description":"North America\u2019s Leading Integrator of IWMS Software","publisher":{"@id":"https:\/\/horizantsolutions.com\/#organization"},"potentialAction":[{"@type":"SearchAction","target":{"@type":"EntryPoint","urlTemplate":"https:\/\/horizantsolutions.com\/?s={search_term_string}"},"query-input":{"@type":"PropertyValueSpecification","valueRequired":true,"valueName":"search_term_string"}}],"inLanguage":"fr-FR"},{"@type":"Organization","@id":"https:\/\/horizantsolutions.com\/#organization","name":"Horizant Solutions","url":"https:\/\/horizantsolutions.com\/","logo":{"@type":"ImageObject","inLanguage":"fr-FR","@id":"https:\/\/horizantsolutions.com\/#\/schema\/logo\/image\/","url":"https:\/\/horizantsolutions.com\/wp-content\/uploads\/2021\/12\/horizant-wordmark-logo-blue.png","contentUrl":"https:\/\/horizantsolutions.com\/wp-content\/uploads\/2021\/12\/horizant-wordmark-logo-blue.png","width":787,"height":213,"caption":"Horizant Solutions"},"image":{"@id":"https:\/\/horizantsolutions.com\/#\/schema\/logo\/image\/"}}]}},"_links":{"self":[{"href":"https:\/\/horizantsolutions.com\/fr\/wp-json\/wp\/v2\/pages\/5035","targetHints":{"allow":["GET"]}}],"collection":[{"href":"https:\/\/horizantsolutions.com\/fr\/wp-json\/wp\/v2\/pages"}],"about":[{"href":"https:\/\/horizantsolutions.com\/fr\/wp-json\/wp\/v2\/types\/page"}],"author":[{"embeddable":true,"href":"https:\/\/horizantsolutions.com\/fr\/wp-json\/wp\/v2\/users\/3"}],"replies":[{"embeddable":true,"href":"https:\/\/horizantsolutions.com\/fr\/wp-json\/wp\/v2\/comments?post=5035"}],"version-history":[{"count":0,"href":"https:\/\/horizantsolutions.com\/fr\/wp-json\/wp\/v2\/pages\/5035\/revisions"}],"up":[{"embeddable":true,"href":"https:\/\/horizantsolutions.com\/fr\/wp-json\/wp\/v2\/pages\/5085"}],"wp:featuredmedia":[{"embeddable":true,"href":"https:\/\/horizantsolutions.com\/fr\/wp-json\/wp\/v2\/media\/3402"}],"wp:attachment":[{"href":"https:\/\/horizantsolutions.com\/fr\/wp-json\/wp\/v2\/media?parent=5035"}],"curies":[{"name":"wp","href":"https:\/\/api.w.org\/{rel}","templated":true}]}}