{"id":5033,"date":"2021-10-17T16:24:16","date_gmt":"2021-10-17T20:24:16","guid":{"rendered":"https:\/\/horizantsolutions.com\/workplace\/"},"modified":"2022-02-13T22:41:19","modified_gmt":"2022-02-14T03:41:19","slug":"milieu-de-travail","status":"publish","type":"page","link":"https:\/\/horizantsolutions.com\/fr\/solutions\/milieu-de-travail\/","title":{"rendered":"Milieu de travail"},"content":{"rendered":"","protected":false},"excerpt":{"rendered":"","protected":false},"author":3,"featured_media":3403,"parent":5085,"menu_order":0,"comment_status":"closed","ping_status":"closed","template":"page-templates\/solutions-child.php","meta":{"_acf_changed":false,"content-type":"","footnotes":""},"class_list":["post-5033","page","type-page","status-publish","has-post-thumbnail","hentry"],"acf":[],"yoast_head":"<!-- This site is optimized with the Yoast SEO plugin v27.1.1 - https:\/\/yoast.com\/product\/yoast-seo-wordpress\/ -->\n<title>Solutions int\u00e9gr\u00e9es de gestion du lieu de travail | HORIZANT.<\/title>\n<meta name=\"description\" content=\"Nous sommes un fournisseur sp\u00e9cialis\u00e9 en solutions personnalis\u00e9es de gestion du lieu de travail qui r\u00e9pondent \u00e0 vos besoins corporatifs dynamiques et uniques gr\u00e2ce \u00e0 l&#039;utilisation du pouvoir de l&#039;informatique et l&#039;int\u00e9gration num\u00e9rique.\" \/>\n<meta name=\"robots\" content=\"index, follow, max-snippet:-1, max-image-preview:large, max-video-preview:-1\" \/>\n<link rel=\"canonical\" href=\"https:\/\/horizantsolutions.com\/fr\/solutions\/milieu-de-travail\/\" \/>\n<meta property=\"og:locale\" content=\"fr_FR\" \/>\n<meta property=\"og:type\" content=\"article\" \/>\n<meta property=\"og:title\" content=\"Solutions int\u00e9gr\u00e9es de gestion du lieu de travail | HORIZANT.\" \/>\n<meta property=\"og:description\" content=\"Nous sommes un fournisseur sp\u00e9cialis\u00e9 en solutions personnalis\u00e9es de gestion du lieu de travail qui r\u00e9pondent \u00e0 vos besoins corporatifs dynamiques et uniques gr\u00e2ce \u00e0 l&#039;utilisation du pouvoir de l&#039;informatique et l&#039;int\u00e9gration num\u00e9rique.\" \/>\n<meta property=\"og:url\" content=\"https:\/\/horizantsolutions.com\/fr\/solutions\/milieu-de-travail\/\" \/>\n<meta property=\"og:site_name\" content=\"Horizant Solutions\" \/>\n<meta property=\"article:modified_time\" content=\"2022-02-14T03:41:19+00:00\" \/>\n<meta property=\"og:image\" content=\"https:\/\/horizantsolutions.com\/wp-content\/uploads\/2021\/11\/workplace-header.png\" \/>\n\t<meta property=\"og:image:width\" content=\"1715\" \/>\n\t<meta property=\"og:image:height\" content=\"495\" \/>\n\t<meta property=\"og:image:type\" content=\"image\/png\" \/>\n<meta name=\"twitter:card\" content=\"summary_large_image\" \/>\n<script type=\"application\/ld+json\" class=\"yoast-schema-graph\">{\"@context\":\"https:\/\/schema.org\",\"@graph\":[{\"@type\":\"WebPage\",\"@id\":\"https:\/\/horizantsolutions.com\/fr\/solutions\/milieu-de-travail\/\",\"url\":\"https:\/\/horizantsolutions.com\/fr\/solutions\/milieu-de-travail\/\",\"name\":\"Solutions int\u00e9gr\u00e9es de gestion du lieu de travail | HORIZANT.\",\"isPartOf\":{\"@id\":\"https:\/\/horizantsolutions.com\/#website\"},\"primaryImageOfPage\":{\"@id\":\"https:\/\/horizantsolutions.com\/fr\/solutions\/milieu-de-travail\/#primaryimage\"},\"image\":{\"@id\":\"https:\/\/horizantsolutions.com\/fr\/solutions\/milieu-de-travail\/#primaryimage\"},\"thumbnailUrl\":\"https:\/\/horizantsolutions.com\/wp-content\/uploads\/2021\/11\/workplace-header.png\",\"datePublished\":\"2021-10-17T20:24:16+00:00\",\"dateModified\":\"2022-02-14T03:41:19+00:00\",\"description\":\"Nous sommes un fournisseur sp\u00e9cialis\u00e9 en solutions personnalis\u00e9es de gestion du lieu de travail qui r\u00e9pondent \u00e0 vos besoins corporatifs dynamiques et uniques gr\u00e2ce \u00e0 l'utilisation du pouvoir de l'informatique et l'int\u00e9gration num\u00e9rique.\",\"breadcrumb\":{\"@id\":\"https:\/\/horizantsolutions.com\/fr\/solutions\/milieu-de-travail\/#breadcrumb\"},\"inLanguage\":\"fr-FR\",\"potentialAction\":[{\"@type\":\"ReadAction\",\"target\":[\"https:\/\/horizantsolutions.com\/fr\/solutions\/milieu-de-travail\/\"]}]},{\"@type\":\"ImageObject\",\"inLanguage\":\"fr-FR\",\"@id\":\"https:\/\/horizantsolutions.com\/fr\/solutions\/milieu-de-travail\/#primaryimage\",\"url\":\"https:\/\/horizantsolutions.com\/wp-content\/uploads\/2021\/11\/workplace-header.png\",\"contentUrl\":\"https:\/\/horizantsolutions.com\/wp-content\/uploads\/2021\/11\/workplace-header.png\",\"width\":1600,\"height\":462,\"caption\":\"workplace-header\"},{\"@type\":\"BreadcrumbList\",\"@id\":\"https:\/\/horizantsolutions.com\/fr\/solutions\/milieu-de-travail\/#breadcrumb\",\"itemListElement\":[{\"@type\":\"ListItem\",\"position\":1,\"name\":\"Home\",\"item\":\"https:\/\/horizantsolutions.com\/fr\/\"},{\"@type\":\"ListItem\",\"position\":2,\"name\":\"Solutions\",\"item\":\"https:\/\/horizantsolutions.com\/fr\/solutions\/\"},{\"@type\":\"ListItem\",\"position\":3,\"name\":\"Milieu de travail\"}]},{\"@type\":\"WebSite\",\"@id\":\"https:\/\/horizantsolutions.com\/#website\",\"url\":\"https:\/\/horizantsolutions.com\/\",\"name\":\"Horizant Solutions\",\"description\":\"North America\u2019s Leading Integrator of IWMS Software\",\"publisher\":{\"@id\":\"https:\/\/horizantsolutions.com\/#organization\"},\"potentialAction\":[{\"@type\":\"SearchAction\",\"target\":{\"@type\":\"EntryPoint\",\"urlTemplate\":\"https:\/\/horizantsolutions.com\/?s={search_term_string}\"},\"query-input\":{\"@type\":\"PropertyValueSpecification\",\"valueRequired\":true,\"valueName\":\"search_term_string\"}}],\"inLanguage\":\"fr-FR\"},{\"@type\":\"Organization\",\"@id\":\"https:\/\/horizantsolutions.com\/#organization\",\"name\":\"Horizant Solutions\",\"url\":\"https:\/\/horizantsolutions.com\/\",\"logo\":{\"@type\":\"ImageObject\",\"inLanguage\":\"fr-FR\",\"@id\":\"https:\/\/horizantsolutions.com\/#\/schema\/logo\/image\/\",\"url\":\"https:\/\/horizantsolutions.com\/wp-content\/uploads\/2021\/12\/horizant-wordmark-logo-blue.png\",\"contentUrl\":\"https:\/\/horizantsolutions.com\/wp-content\/uploads\/2021\/12\/horizant-wordmark-logo-blue.png\",\"width\":787,\"height\":213,\"caption\":\"Horizant Solutions\"},\"image\":{\"@id\":\"https:\/\/horizantsolutions.com\/#\/schema\/logo\/image\/\"}}]}<\/script>\n<!-- \/ Yoast SEO plugin. -->","yoast_head_json":{"title":"Solutions int\u00e9gr\u00e9es de gestion du lieu de travail | HORIZANT.","description":"Nous sommes un fournisseur sp\u00e9cialis\u00e9 en solutions personnalis\u00e9es de gestion du lieu de travail qui r\u00e9pondent \u00e0 vos besoins corporatifs dynamiques et uniques gr\u00e2ce \u00e0 l'utilisation du pouvoir de l'informatique et l'int\u00e9gration num\u00e9rique.","robots":{"index":"index","follow":"follow","max-snippet":"max-snippet:-1","max-image-preview":"max-image-preview:large","max-video-preview":"max-video-preview:-1"},"canonical":"https:\/\/horizantsolutions.com\/fr\/solutions\/milieu-de-travail\/","og_locale":"fr_FR","og_type":"article","og_title":"Solutions int\u00e9gr\u00e9es de gestion du lieu de travail | HORIZANT.","og_description":"Nous sommes un fournisseur sp\u00e9cialis\u00e9 en solutions personnalis\u00e9es de gestion du lieu de travail qui r\u00e9pondent \u00e0 vos besoins corporatifs dynamiques et uniques gr\u00e2ce \u00e0 l'utilisation du pouvoir de l'informatique et l'int\u00e9gration num\u00e9rique.","og_url":"https:\/\/horizantsolutions.com\/fr\/solutions\/milieu-de-travail\/","og_site_name":"Horizant Solutions","article_modified_time":"2022-02-14T03:41:19+00:00","og_image":[{"width":1715,"height":495,"url":"https:\/\/horizantsolutions.com\/wp-content\/uploads\/2021\/11\/workplace-header.png","type":"image\/png"}],"twitter_card":"summary_large_image","schema":{"@context":"https:\/\/schema.org","@graph":[{"@type":"WebPage","@id":"https:\/\/horizantsolutions.com\/fr\/solutions\/milieu-de-travail\/","url":"https:\/\/horizantsolutions.com\/fr\/solutions\/milieu-de-travail\/","name":"Solutions int\u00e9gr\u00e9es de gestion du lieu de travail | HORIZANT.","isPartOf":{"@id":"https:\/\/horizantsolutions.com\/#website"},"primaryImageOfPage":{"@id":"https:\/\/horizantsolutions.com\/fr\/solutions\/milieu-de-travail\/#primaryimage"},"image":{"@id":"https:\/\/horizantsolutions.com\/fr\/solutions\/milieu-de-travail\/#primaryimage"},"thumbnailUrl":"https:\/\/horizantsolutions.com\/wp-content\/uploads\/2021\/11\/workplace-header.png","datePublished":"2021-10-17T20:24:16+00:00","dateModified":"2022-02-14T03:41:19+00:00","description":"Nous sommes un fournisseur sp\u00e9cialis\u00e9 en solutions personnalis\u00e9es de gestion du lieu de travail qui r\u00e9pondent \u00e0 vos besoins corporatifs dynamiques et uniques gr\u00e2ce \u00e0 l'utilisation du pouvoir de l'informatique et l'int\u00e9gration num\u00e9rique.","breadcrumb":{"@id":"https:\/\/horizantsolutions.com\/fr\/solutions\/milieu-de-travail\/#breadcrumb"},"inLanguage":"fr-FR","potentialAction":[{"@type":"ReadAction","target":["https:\/\/horizantsolutions.com\/fr\/solutions\/milieu-de-travail\/"]}]},{"@type":"ImageObject","inLanguage":"fr-FR","@id":"https:\/\/horizantsolutions.com\/fr\/solutions\/milieu-de-travail\/#primaryimage","url":"https:\/\/horizantsolutions.com\/wp-content\/uploads\/2021\/11\/workplace-header.png","contentUrl":"https:\/\/horizantsolutions.com\/wp-content\/uploads\/2021\/11\/workplace-header.png","width":1600,"height":462,"caption":"workplace-header"},{"@type":"BreadcrumbList","@id":"https:\/\/horizantsolutions.com\/fr\/solutions\/milieu-de-travail\/#breadcrumb","itemListElement":[{"@type":"ListItem","position":1,"name":"Home","item":"https:\/\/horizantsolutions.com\/fr\/"},{"@type":"ListItem","position":2,"name":"Solutions","item":"https:\/\/horizantsolutions.com\/fr\/solutions\/"},{"@type":"ListItem","position":3,"name":"Milieu de travail"}]},{"@type":"WebSite","@id":"https:\/\/horizantsolutions.com\/#website","url":"https:\/\/horizantsolutions.com\/","name":"Horizant Solutions","description":"North America\u2019s Leading Integrator of IWMS Software","publisher":{"@id":"https:\/\/horizantsolutions.com\/#organization"},"potentialAction":[{"@type":"SearchAction","target":{"@type":"EntryPoint","urlTemplate":"https:\/\/horizantsolutions.com\/?s={search_term_string}"},"query-input":{"@type":"PropertyValueSpecification","valueRequired":true,"valueName":"search_term_string"}}],"inLanguage":"fr-FR"},{"@type":"Organization","@id":"https:\/\/horizantsolutions.com\/#organization","name":"Horizant Solutions","url":"https:\/\/horizantsolutions.com\/","logo":{"@type":"ImageObject","inLanguage":"fr-FR","@id":"https:\/\/horizantsolutions.com\/#\/schema\/logo\/image\/","url":"https:\/\/horizantsolutions.com\/wp-content\/uploads\/2021\/12\/horizant-wordmark-logo-blue.png","contentUrl":"https:\/\/horizantsolutions.com\/wp-content\/uploads\/2021\/12\/horizant-wordmark-logo-blue.png","width":787,"height":213,"caption":"Horizant Solutions"},"image":{"@id":"https:\/\/horizantsolutions.com\/#\/schema\/logo\/image\/"}}]}},"_links":{"self":[{"href":"https:\/\/horizantsolutions.com\/fr\/wp-json\/wp\/v2\/pages\/5033","targetHints":{"allow":["GET"]}}],"collection":[{"href":"https:\/\/horizantsolutions.com\/fr\/wp-json\/wp\/v2\/pages"}],"about":[{"href":"https:\/\/horizantsolutions.com\/fr\/wp-json\/wp\/v2\/types\/page"}],"author":[{"embeddable":true,"href":"https:\/\/horizantsolutions.com\/fr\/wp-json\/wp\/v2\/users\/3"}],"replies":[{"embeddable":true,"href":"https:\/\/horizantsolutions.com\/fr\/wp-json\/wp\/v2\/comments?post=5033"}],"version-history":[{"count":0,"href":"https:\/\/horizantsolutions.com\/fr\/wp-json\/wp\/v2\/pages\/5033\/revisions"}],"up":[{"embeddable":true,"href":"https:\/\/horizantsolutions.com\/fr\/wp-json\/wp\/v2\/pages\/5085"}],"wp:featuredmedia":[{"embeddable":true,"href":"https:\/\/horizantsolutions.com\/fr\/wp-json\/wp\/v2\/media\/3403"}],"wp:attachment":[{"href":"https:\/\/horizantsolutions.com\/fr\/wp-json\/wp\/v2\/media?parent=5033"}],"curies":[{"name":"wp","href":"https:\/\/api.w.org\/{rel}","templated":true}]}}