{"id":5032,"date":"2021-11-06T19:37:56","date_gmt":"2021-11-06T23:37:56","guid":{"rendered":"https:\/\/horizantsolutions.com\/enterprise-solutions\/"},"modified":"2022-02-13T17:42:10","modified_gmt":"2022-02-13T22:42:10","slug":"solutions-entreprises","status":"publish","type":"page","link":"https:\/\/horizantsolutions.com\/fr\/solutions-entreprises\/","title":{"rendered":"Solutions pour les entreprises"},"content":{"rendered":"","protected":false},"excerpt":{"rendered":"","protected":false},"author":3,"featured_media":3393,"parent":0,"menu_order":0,"comment_status":"closed","ping_status":"closed","template":"page-templates\/process-child.php","meta":{"_acf_changed":false,"content-type":"","footnotes":""},"class_list":["post-5032","page","type-page","status-publish","has-post-thumbnail","hentry"],"acf":[],"yoast_head":"<!-- This site is optimized with the Yoast SEO plugin v27.1.1 - https:\/\/yoast.com\/product\/yoast-seo-wordpress\/ -->\n<title>Solutions IWMS niveaux entreprise| HORIZANT.<\/title>\n<meta name=\"description\" content=\"Les solutions cl\u00e9 en main pour les entreprises d&#039;Horizant sont id\u00e9ales pour r\u00e9pondre aux exigences normales et complexes des entreprises, \u00e0 tous leurs besoins organisationnels. Commencez \u00e0 unifier votre mod\u00e8le de donn\u00e9es et de prise de d\u00e9cision.\" \/>\n<meta name=\"robots\" content=\"index, follow, max-snippet:-1, max-image-preview:large, max-video-preview:-1\" \/>\n<link rel=\"canonical\" href=\"https:\/\/horizantsolutions.com\/fr\/solutions-entreprises\/\" \/>\n<meta property=\"og:locale\" content=\"fr_FR\" \/>\n<meta property=\"og:type\" content=\"article\" \/>\n<meta property=\"og:title\" content=\"Solutions IWMS niveaux entreprise| HORIZANT.\" \/>\n<meta property=\"og:description\" content=\"Les solutions cl\u00e9 en main pour les entreprises d&#039;Horizant sont id\u00e9ales pour r\u00e9pondre aux exigences normales et complexes des entreprises, \u00e0 tous leurs besoins organisationnels. Commencez \u00e0 unifier votre mod\u00e8le de donn\u00e9es et de prise de d\u00e9cision.\" \/>\n<meta property=\"og:url\" content=\"https:\/\/horizantsolutions.com\/fr\/solutions-entreprises\/\" \/>\n<meta property=\"og:site_name\" content=\"Horizant Solutions\" \/>\n<meta property=\"article:modified_time\" content=\"2022-02-13T22:42:10+00:00\" \/>\n<meta property=\"og:image\" content=\"https:\/\/horizantsolutions.com\/wp-content\/uploads\/2021\/11\/enterprise-header.png\" \/>\n\t<meta property=\"og:image:width\" content=\"1715\" \/>\n\t<meta property=\"og:image:height\" content=\"495\" \/>\n\t<meta property=\"og:image:type\" content=\"image\/png\" \/>\n<meta name=\"twitter:card\" content=\"summary_large_image\" \/>\n<script type=\"application\/ld+json\" class=\"yoast-schema-graph\">{\"@context\":\"https:\/\/schema.org\",\"@graph\":[{\"@type\":\"WebPage\",\"@id\":\"https:\/\/horizantsolutions.com\/fr\/solutions-entreprises\/\",\"url\":\"https:\/\/horizantsolutions.com\/fr\/solutions-entreprises\/\",\"name\":\"Solutions IWMS niveaux entreprise| HORIZANT.\",\"isPartOf\":{\"@id\":\"https:\/\/horizantsolutions.com\/#website\"},\"primaryImageOfPage\":{\"@id\":\"https:\/\/horizantsolutions.com\/fr\/solutions-entreprises\/#primaryimage\"},\"image\":{\"@id\":\"https:\/\/horizantsolutions.com\/fr\/solutions-entreprises\/#primaryimage\"},\"thumbnailUrl\":\"https:\/\/horizantsolutions.com\/wp-content\/uploads\/2021\/11\/enterprise-header.png\",\"datePublished\":\"2021-11-06T23:37:56+00:00\",\"dateModified\":\"2022-02-13T22:42:10+00:00\",\"description\":\"Les solutions cl\u00e9 en main pour les entreprises d'Horizant sont id\u00e9ales pour r\u00e9pondre aux exigences normales et complexes des entreprises, \u00e0 tous leurs besoins organisationnels. Commencez \u00e0 unifier votre mod\u00e8le de donn\u00e9es et de prise de d\u00e9cision.\",\"breadcrumb\":{\"@id\":\"https:\/\/horizantsolutions.com\/fr\/solutions-entreprises\/#breadcrumb\"},\"inLanguage\":\"fr-FR\",\"potentialAction\":[{\"@type\":\"ReadAction\",\"target\":[\"https:\/\/horizantsolutions.com\/fr\/solutions-entreprises\/\"]}]},{\"@type\":\"ImageObject\",\"inLanguage\":\"fr-FR\",\"@id\":\"https:\/\/horizantsolutions.com\/fr\/solutions-entreprises\/#primaryimage\",\"url\":\"https:\/\/horizantsolutions.com\/wp-content\/uploads\/2021\/11\/enterprise-header.png\",\"contentUrl\":\"https:\/\/horizantsolutions.com\/wp-content\/uploads\/2021\/11\/enterprise-header.png\",\"width\":1600,\"height\":462,\"caption\":\"enterprise-header\"},{\"@type\":\"BreadcrumbList\",\"@id\":\"https:\/\/horizantsolutions.com\/fr\/solutions-entreprises\/#breadcrumb\",\"itemListElement\":[{\"@type\":\"ListItem\",\"position\":1,\"name\":\"Home\",\"item\":\"https:\/\/horizantsolutions.com\/fr\/\"},{\"@type\":\"ListItem\",\"position\":2,\"name\":\"Solutions pour les entreprises\"}]},{\"@type\":\"WebSite\",\"@id\":\"https:\/\/horizantsolutions.com\/#website\",\"url\":\"https:\/\/horizantsolutions.com\/\",\"name\":\"Horizant Solutions\",\"description\":\"North America\u2019s Leading Integrator of IWMS Software\",\"publisher\":{\"@id\":\"https:\/\/horizantsolutions.com\/#organization\"},\"potentialAction\":[{\"@type\":\"SearchAction\",\"target\":{\"@type\":\"EntryPoint\",\"urlTemplate\":\"https:\/\/horizantsolutions.com\/?s={search_term_string}\"},\"query-input\":{\"@type\":\"PropertyValueSpecification\",\"valueRequired\":true,\"valueName\":\"search_term_string\"}}],\"inLanguage\":\"fr-FR\"},{\"@type\":\"Organization\",\"@id\":\"https:\/\/horizantsolutions.com\/#organization\",\"name\":\"Horizant Solutions\",\"url\":\"https:\/\/horizantsolutions.com\/\",\"logo\":{\"@type\":\"ImageObject\",\"inLanguage\":\"fr-FR\",\"@id\":\"https:\/\/horizantsolutions.com\/#\/schema\/logo\/image\/\",\"url\":\"https:\/\/horizantsolutions.com\/wp-content\/uploads\/2021\/12\/horizant-wordmark-logo-blue.png\",\"contentUrl\":\"https:\/\/horizantsolutions.com\/wp-content\/uploads\/2021\/12\/horizant-wordmark-logo-blue.png\",\"width\":787,\"height\":213,\"caption\":\"Horizant Solutions\"},\"image\":{\"@id\":\"https:\/\/horizantsolutions.com\/#\/schema\/logo\/image\/\"}}]}<\/script>\n<!-- \/ Yoast SEO plugin. -->","yoast_head_json":{"title":"Solutions IWMS niveaux entreprise| HORIZANT.","description":"Les solutions cl\u00e9 en main pour les entreprises d'Horizant sont id\u00e9ales pour r\u00e9pondre aux exigences normales et complexes des entreprises, \u00e0 tous leurs besoins organisationnels. Commencez \u00e0 unifier votre mod\u00e8le de donn\u00e9es et de prise de d\u00e9cision.","robots":{"index":"index","follow":"follow","max-snippet":"max-snippet:-1","max-image-preview":"max-image-preview:large","max-video-preview":"max-video-preview:-1"},"canonical":"https:\/\/horizantsolutions.com\/fr\/solutions-entreprises\/","og_locale":"fr_FR","og_type":"article","og_title":"Solutions IWMS niveaux entreprise| HORIZANT.","og_description":"Les solutions cl\u00e9 en main pour les entreprises d'Horizant sont id\u00e9ales pour r\u00e9pondre aux exigences normales et complexes des entreprises, \u00e0 tous leurs besoins organisationnels. Commencez \u00e0 unifier votre mod\u00e8le de donn\u00e9es et de prise de d\u00e9cision.","og_url":"https:\/\/horizantsolutions.com\/fr\/solutions-entreprises\/","og_site_name":"Horizant Solutions","article_modified_time":"2022-02-13T22:42:10+00:00","og_image":[{"width":1715,"height":495,"url":"https:\/\/horizantsolutions.com\/wp-content\/uploads\/2021\/11\/enterprise-header.png","type":"image\/png"}],"twitter_card":"summary_large_image","schema":{"@context":"https:\/\/schema.org","@graph":[{"@type":"WebPage","@id":"https:\/\/horizantsolutions.com\/fr\/solutions-entreprises\/","url":"https:\/\/horizantsolutions.com\/fr\/solutions-entreprises\/","name":"Solutions IWMS niveaux entreprise| HORIZANT.","isPartOf":{"@id":"https:\/\/horizantsolutions.com\/#website"},"primaryImageOfPage":{"@id":"https:\/\/horizantsolutions.com\/fr\/solutions-entreprises\/#primaryimage"},"image":{"@id":"https:\/\/horizantsolutions.com\/fr\/solutions-entreprises\/#primaryimage"},"thumbnailUrl":"https:\/\/horizantsolutions.com\/wp-content\/uploads\/2021\/11\/enterprise-header.png","datePublished":"2021-11-06T23:37:56+00:00","dateModified":"2022-02-13T22:42:10+00:00","description":"Les solutions cl\u00e9 en main pour les entreprises d'Horizant sont id\u00e9ales pour r\u00e9pondre aux exigences normales et complexes des entreprises, \u00e0 tous leurs besoins organisationnels. Commencez \u00e0 unifier votre mod\u00e8le de donn\u00e9es et de prise de d\u00e9cision.","breadcrumb":{"@id":"https:\/\/horizantsolutions.com\/fr\/solutions-entreprises\/#breadcrumb"},"inLanguage":"fr-FR","potentialAction":[{"@type":"ReadAction","target":["https:\/\/horizantsolutions.com\/fr\/solutions-entreprises\/"]}]},{"@type":"ImageObject","inLanguage":"fr-FR","@id":"https:\/\/horizantsolutions.com\/fr\/solutions-entreprises\/#primaryimage","url":"https:\/\/horizantsolutions.com\/wp-content\/uploads\/2021\/11\/enterprise-header.png","contentUrl":"https:\/\/horizantsolutions.com\/wp-content\/uploads\/2021\/11\/enterprise-header.png","width":1600,"height":462,"caption":"enterprise-header"},{"@type":"BreadcrumbList","@id":"https:\/\/horizantsolutions.com\/fr\/solutions-entreprises\/#breadcrumb","itemListElement":[{"@type":"ListItem","position":1,"name":"Home","item":"https:\/\/horizantsolutions.com\/fr\/"},{"@type":"ListItem","position":2,"name":"Solutions pour les entreprises"}]},{"@type":"WebSite","@id":"https:\/\/horizantsolutions.com\/#website","url":"https:\/\/horizantsolutions.com\/","name":"Horizant Solutions","description":"North America\u2019s Leading Integrator of IWMS Software","publisher":{"@id":"https:\/\/horizantsolutions.com\/#organization"},"potentialAction":[{"@type":"SearchAction","target":{"@type":"EntryPoint","urlTemplate":"https:\/\/horizantsolutions.com\/?s={search_term_string}"},"query-input":{"@type":"PropertyValueSpecification","valueRequired":true,"valueName":"search_term_string"}}],"inLanguage":"fr-FR"},{"@type":"Organization","@id":"https:\/\/horizantsolutions.com\/#organization","name":"Horizant Solutions","url":"https:\/\/horizantsolutions.com\/","logo":{"@type":"ImageObject","inLanguage":"fr-FR","@id":"https:\/\/horizantsolutions.com\/#\/schema\/logo\/image\/","url":"https:\/\/horizantsolutions.com\/wp-content\/uploads\/2021\/12\/horizant-wordmark-logo-blue.png","contentUrl":"https:\/\/horizantsolutions.com\/wp-content\/uploads\/2021\/12\/horizant-wordmark-logo-blue.png","width":787,"height":213,"caption":"Horizant Solutions"},"image":{"@id":"https:\/\/horizantsolutions.com\/#\/schema\/logo\/image\/"}}]}},"_links":{"self":[{"href":"https:\/\/horizantsolutions.com\/fr\/wp-json\/wp\/v2\/pages\/5032","targetHints":{"allow":["GET"]}}],"collection":[{"href":"https:\/\/horizantsolutions.com\/fr\/wp-json\/wp\/v2\/pages"}],"about":[{"href":"https:\/\/horizantsolutions.com\/fr\/wp-json\/wp\/v2\/types\/page"}],"author":[{"embeddable":true,"href":"https:\/\/horizantsolutions.com\/fr\/wp-json\/wp\/v2\/users\/3"}],"replies":[{"embeddable":true,"href":"https:\/\/horizantsolutions.com\/fr\/wp-json\/wp\/v2\/comments?post=5032"}],"version-history":[{"count":0,"href":"https:\/\/horizantsolutions.com\/fr\/wp-json\/wp\/v2\/pages\/5032\/revisions"}],"wp:featuredmedia":[{"embeddable":true,"href":"https:\/\/horizantsolutions.com\/fr\/wp-json\/wp\/v2\/media\/3393"}],"wp:attachment":[{"href":"https:\/\/horizantsolutions.com\/fr\/wp-json\/wp\/v2\/media?parent=5032"}],"curies":[{"name":"wp","href":"https:\/\/api.w.org\/{rel}","templated":true}]}}