{"id":5031,"date":"2021-11-06T19:37:56","date_gmt":"2021-11-06T23:37:56","guid":{"rendered":"https:\/\/horizantsolutions.com\/private-cloud-model\/"},"modified":"2022-02-13T17:42:18","modified_gmt":"2022-02-13T22:42:18","slug":"cloud-prive","status":"publish","type":"page","link":"https:\/\/horizantsolutions.com\/fr\/cloud-prive\/","title":{"rendered":"Cloud Priv\u00e9"},"content":{"rendered":"","protected":false},"excerpt":{"rendered":"","protected":false},"author":3,"featured_media":3392,"parent":0,"menu_order":0,"comment_status":"closed","ping_status":"closed","template":"page-templates\/process-child.php","meta":{"_acf_changed":false,"content-type":"","footnotes":""},"class_list":["post-5031","page","type-page","status-publish","has-post-thumbnail","hentry"],"acf":[],"yoast_head":"<!-- This site is optimized with the Yoast SEO plugin v27.1.1 - https:\/\/yoast.com\/product\/yoast-seo-wordpress\/ -->\n<title>Service Infonuagique (Cloud) Priv\u00e9 | HORIZANT.<\/title>\n<meta name=\"description\" content=\"Les solutions service Infonuagique (Cloud) priv\u00e9 d&#039;Horizant vous offrent un acc\u00e8s facile \u00e0 un \u00e9ventail de fonctions qui vous permettent de prioriser vos besoins, trouver des r\u00e9ponses plus rapidement et d&#039;\u00eatre \u00e9quip\u00e9 pour r\u00e9pondre aux changements in\u00e9vitables dans vos priorit\u00e9s d&#039;entreprise.\" \/>\n<meta name=\"robots\" content=\"index, follow, max-snippet:-1, max-image-preview:large, max-video-preview:-1\" \/>\n<link rel=\"canonical\" href=\"https:\/\/horizantsolutions.com\/fr\/cloud-prive\/\" \/>\n<meta property=\"og:locale\" content=\"fr_FR\" \/>\n<meta property=\"og:type\" content=\"article\" \/>\n<meta property=\"og:title\" content=\"Service Infonuagique (Cloud) Priv\u00e9 | HORIZANT.\" \/>\n<meta property=\"og:description\" content=\"Les solutions service Infonuagique (Cloud) priv\u00e9 d&#039;Horizant vous offrent un acc\u00e8s facile \u00e0 un \u00e9ventail de fonctions qui vous permettent de prioriser vos besoins, trouver des r\u00e9ponses plus rapidement et d&#039;\u00eatre \u00e9quip\u00e9 pour r\u00e9pondre aux changements in\u00e9vitables dans vos priorit\u00e9s d&#039;entreprise.\" \/>\n<meta property=\"og:url\" content=\"https:\/\/horizantsolutions.com\/fr\/cloud-prive\/\" \/>\n<meta property=\"og:site_name\" content=\"Horizant Solutions\" \/>\n<meta property=\"article:modified_time\" content=\"2022-02-13T22:42:18+00:00\" \/>\n<meta property=\"og:image\" content=\"https:\/\/horizantsolutions.com\/wp-content\/uploads\/2021\/11\/private-cloud-header.png\" \/>\n\t<meta property=\"og:image:width\" content=\"1715\" \/>\n\t<meta property=\"og:image:height\" content=\"495\" \/>\n\t<meta property=\"og:image:type\" content=\"image\/png\" \/>\n<meta name=\"twitter:card\" content=\"summary_large_image\" \/>\n<script type=\"application\/ld+json\" class=\"yoast-schema-graph\">{\"@context\":\"https:\/\/schema.org\",\"@graph\":[{\"@type\":\"WebPage\",\"@id\":\"https:\/\/horizantsolutions.com\/fr\/cloud-prive\/\",\"url\":\"https:\/\/horizantsolutions.com\/fr\/cloud-prive\/\",\"name\":\"Service Infonuagique (Cloud) Priv\u00e9 | HORIZANT.\",\"isPartOf\":{\"@id\":\"https:\/\/horizantsolutions.com\/#website\"},\"primaryImageOfPage\":{\"@id\":\"https:\/\/horizantsolutions.com\/fr\/cloud-prive\/#primaryimage\"},\"image\":{\"@id\":\"https:\/\/horizantsolutions.com\/fr\/cloud-prive\/#primaryimage\"},\"thumbnailUrl\":\"https:\/\/horizantsolutions.com\/wp-content\/uploads\/2021\/11\/private-cloud-header.png\",\"datePublished\":\"2021-11-06T23:37:56+00:00\",\"dateModified\":\"2022-02-13T22:42:18+00:00\",\"description\":\"Les solutions service Infonuagique (Cloud) priv\u00e9 d'Horizant vous offrent un acc\u00e8s facile \u00e0 un \u00e9ventail de fonctions qui vous permettent de prioriser vos besoins, trouver des r\u00e9ponses plus rapidement et d'\u00eatre \u00e9quip\u00e9 pour r\u00e9pondre aux changements in\u00e9vitables dans vos priorit\u00e9s d'entreprise.\",\"breadcrumb\":{\"@id\":\"https:\/\/horizantsolutions.com\/fr\/cloud-prive\/#breadcrumb\"},\"inLanguage\":\"fr-FR\",\"potentialAction\":[{\"@type\":\"ReadAction\",\"target\":[\"https:\/\/horizantsolutions.com\/fr\/cloud-prive\/\"]}]},{\"@type\":\"ImageObject\",\"inLanguage\":\"fr-FR\",\"@id\":\"https:\/\/horizantsolutions.com\/fr\/cloud-prive\/#primaryimage\",\"url\":\"https:\/\/horizantsolutions.com\/wp-content\/uploads\/2021\/11\/private-cloud-header.png\",\"contentUrl\":\"https:\/\/horizantsolutions.com\/wp-content\/uploads\/2021\/11\/private-cloud-header.png\",\"width\":1600,\"height\":462,\"caption\":\"private-cloud-header\"},{\"@type\":\"BreadcrumbList\",\"@id\":\"https:\/\/horizantsolutions.com\/fr\/cloud-prive\/#breadcrumb\",\"itemListElement\":[{\"@type\":\"ListItem\",\"position\":1,\"name\":\"Home\",\"item\":\"https:\/\/horizantsolutions.com\/fr\/\"},{\"@type\":\"ListItem\",\"position\":2,\"name\":\"Cloud Priv\u00e9\"}]},{\"@type\":\"WebSite\",\"@id\":\"https:\/\/horizantsolutions.com\/#website\",\"url\":\"https:\/\/horizantsolutions.com\/\",\"name\":\"Horizant Solutions\",\"description\":\"North America\u2019s Leading Integrator of IWMS Software\",\"publisher\":{\"@id\":\"https:\/\/horizantsolutions.com\/#organization\"},\"potentialAction\":[{\"@type\":\"SearchAction\",\"target\":{\"@type\":\"EntryPoint\",\"urlTemplate\":\"https:\/\/horizantsolutions.com\/?s={search_term_string}\"},\"query-input\":{\"@type\":\"PropertyValueSpecification\",\"valueRequired\":true,\"valueName\":\"search_term_string\"}}],\"inLanguage\":\"fr-FR\"},{\"@type\":\"Organization\",\"@id\":\"https:\/\/horizantsolutions.com\/#organization\",\"name\":\"Horizant Solutions\",\"url\":\"https:\/\/horizantsolutions.com\/\",\"logo\":{\"@type\":\"ImageObject\",\"inLanguage\":\"fr-FR\",\"@id\":\"https:\/\/horizantsolutions.com\/#\/schema\/logo\/image\/\",\"url\":\"https:\/\/horizantsolutions.com\/wp-content\/uploads\/2021\/12\/horizant-wordmark-logo-blue.png\",\"contentUrl\":\"https:\/\/horizantsolutions.com\/wp-content\/uploads\/2021\/12\/horizant-wordmark-logo-blue.png\",\"width\":787,\"height\":213,\"caption\":\"Horizant Solutions\"},\"image\":{\"@id\":\"https:\/\/horizantsolutions.com\/#\/schema\/logo\/image\/\"}}]}<\/script>\n<!-- \/ Yoast SEO plugin. -->","yoast_head_json":{"title":"Service Infonuagique (Cloud) Priv\u00e9 | HORIZANT.","description":"Les solutions service Infonuagique (Cloud) priv\u00e9 d'Horizant vous offrent un acc\u00e8s facile \u00e0 un \u00e9ventail de fonctions qui vous permettent de prioriser vos besoins, trouver des r\u00e9ponses plus rapidement et d'\u00eatre \u00e9quip\u00e9 pour r\u00e9pondre aux changements in\u00e9vitables dans vos priorit\u00e9s d'entreprise.","robots":{"index":"index","follow":"follow","max-snippet":"max-snippet:-1","max-image-preview":"max-image-preview:large","max-video-preview":"max-video-preview:-1"},"canonical":"https:\/\/horizantsolutions.com\/fr\/cloud-prive\/","og_locale":"fr_FR","og_type":"article","og_title":"Service Infonuagique (Cloud) Priv\u00e9 | HORIZANT.","og_description":"Les solutions service Infonuagique (Cloud) priv\u00e9 d'Horizant vous offrent un acc\u00e8s facile \u00e0 un \u00e9ventail de fonctions qui vous permettent de prioriser vos besoins, trouver des r\u00e9ponses plus rapidement et d'\u00eatre \u00e9quip\u00e9 pour r\u00e9pondre aux changements in\u00e9vitables dans vos priorit\u00e9s d'entreprise.","og_url":"https:\/\/horizantsolutions.com\/fr\/cloud-prive\/","og_site_name":"Horizant Solutions","article_modified_time":"2022-02-13T22:42:18+00:00","og_image":[{"width":1715,"height":495,"url":"https:\/\/horizantsolutions.com\/wp-content\/uploads\/2021\/11\/private-cloud-header.png","type":"image\/png"}],"twitter_card":"summary_large_image","schema":{"@context":"https:\/\/schema.org","@graph":[{"@type":"WebPage","@id":"https:\/\/horizantsolutions.com\/fr\/cloud-prive\/","url":"https:\/\/horizantsolutions.com\/fr\/cloud-prive\/","name":"Service Infonuagique (Cloud) Priv\u00e9 | HORIZANT.","isPartOf":{"@id":"https:\/\/horizantsolutions.com\/#website"},"primaryImageOfPage":{"@id":"https:\/\/horizantsolutions.com\/fr\/cloud-prive\/#primaryimage"},"image":{"@id":"https:\/\/horizantsolutions.com\/fr\/cloud-prive\/#primaryimage"},"thumbnailUrl":"https:\/\/horizantsolutions.com\/wp-content\/uploads\/2021\/11\/private-cloud-header.png","datePublished":"2021-11-06T23:37:56+00:00","dateModified":"2022-02-13T22:42:18+00:00","description":"Les solutions service Infonuagique (Cloud) priv\u00e9 d'Horizant vous offrent un acc\u00e8s facile \u00e0 un \u00e9ventail de fonctions qui vous permettent de prioriser vos besoins, trouver des r\u00e9ponses plus rapidement et d'\u00eatre \u00e9quip\u00e9 pour r\u00e9pondre aux changements in\u00e9vitables dans vos priorit\u00e9s d'entreprise.","breadcrumb":{"@id":"https:\/\/horizantsolutions.com\/fr\/cloud-prive\/#breadcrumb"},"inLanguage":"fr-FR","potentialAction":[{"@type":"ReadAction","target":["https:\/\/horizantsolutions.com\/fr\/cloud-prive\/"]}]},{"@type":"ImageObject","inLanguage":"fr-FR","@id":"https:\/\/horizantsolutions.com\/fr\/cloud-prive\/#primaryimage","url":"https:\/\/horizantsolutions.com\/wp-content\/uploads\/2021\/11\/private-cloud-header.png","contentUrl":"https:\/\/horizantsolutions.com\/wp-content\/uploads\/2021\/11\/private-cloud-header.png","width":1600,"height":462,"caption":"private-cloud-header"},{"@type":"BreadcrumbList","@id":"https:\/\/horizantsolutions.com\/fr\/cloud-prive\/#breadcrumb","itemListElement":[{"@type":"ListItem","position":1,"name":"Home","item":"https:\/\/horizantsolutions.com\/fr\/"},{"@type":"ListItem","position":2,"name":"Cloud Priv\u00e9"}]},{"@type":"WebSite","@id":"https:\/\/horizantsolutions.com\/#website","url":"https:\/\/horizantsolutions.com\/","name":"Horizant Solutions","description":"North America\u2019s Leading Integrator of IWMS Software","publisher":{"@id":"https:\/\/horizantsolutions.com\/#organization"},"potentialAction":[{"@type":"SearchAction","target":{"@type":"EntryPoint","urlTemplate":"https:\/\/horizantsolutions.com\/?s={search_term_string}"},"query-input":{"@type":"PropertyValueSpecification","valueRequired":true,"valueName":"search_term_string"}}],"inLanguage":"fr-FR"},{"@type":"Organization","@id":"https:\/\/horizantsolutions.com\/#organization","name":"Horizant Solutions","url":"https:\/\/horizantsolutions.com\/","logo":{"@type":"ImageObject","inLanguage":"fr-FR","@id":"https:\/\/horizantsolutions.com\/#\/schema\/logo\/image\/","url":"https:\/\/horizantsolutions.com\/wp-content\/uploads\/2021\/12\/horizant-wordmark-logo-blue.png","contentUrl":"https:\/\/horizantsolutions.com\/wp-content\/uploads\/2021\/12\/horizant-wordmark-logo-blue.png","width":787,"height":213,"caption":"Horizant Solutions"},"image":{"@id":"https:\/\/horizantsolutions.com\/#\/schema\/logo\/image\/"}}]}},"_links":{"self":[{"href":"https:\/\/horizantsolutions.com\/fr\/wp-json\/wp\/v2\/pages\/5031","targetHints":{"allow":["GET"]}}],"collection":[{"href":"https:\/\/horizantsolutions.com\/fr\/wp-json\/wp\/v2\/pages"}],"about":[{"href":"https:\/\/horizantsolutions.com\/fr\/wp-json\/wp\/v2\/types\/page"}],"author":[{"embeddable":true,"href":"https:\/\/horizantsolutions.com\/fr\/wp-json\/wp\/v2\/users\/3"}],"replies":[{"embeddable":true,"href":"https:\/\/horizantsolutions.com\/fr\/wp-json\/wp\/v2\/comments?post=5031"}],"version-history":[{"count":0,"href":"https:\/\/horizantsolutions.com\/fr\/wp-json\/wp\/v2\/pages\/5031\/revisions"}],"wp:featuredmedia":[{"embeddable":true,"href":"https:\/\/horizantsolutions.com\/fr\/wp-json\/wp\/v2\/media\/3392"}],"wp:attachment":[{"href":"https:\/\/horizantsolutions.com\/fr\/wp-json\/wp\/v2\/media?parent=5031"}],"curies":[{"name":"wp","href":"https:\/\/api.w.org\/{rel}","templated":true}]}}