{"id":5029,"date":"2022-02-13T13:31:27","date_gmt":"2022-02-13T18:31:27","guid":{"rendered":"https:\/\/horizantsolutions.com\/?page_id=5029"},"modified":"2023-05-04T13:29:12","modified_gmt":"2023-05-04T17:29:12","slug":"nos-procedes","status":"publish","type":"page","link":"https:\/\/horizantsolutions.com\/fr\/nos-procedes\/","title":{"rendered":"Nos proc\u00e9d\u00e9s"},"content":{"rendered":"","protected":false},"excerpt":{"rendered":"","protected":false},"author":3,"featured_media":3389,"parent":0,"menu_order":0,"comment_status":"closed","ping_status":"closed","template":"page-templates\/process.php","meta":{"_acf_changed":false,"content-type":"","footnotes":""},"class_list":["post-5029","page","type-page","status-publish","has-post-thumbnail","hentry"],"acf":[],"yoast_head":"<!-- This site is optimized with the Yoast SEO plugin v27.1.1 - https:\/\/yoast.com\/product\/yoast-seo-wordpress\/ -->\n<title>Nos proc\u00e9d\u00e9s | HORIZANT.<\/title>\n<meta name=\"description\" content=\"Nous voulons comprendre les besoins de votre organisation et d\u00e9ployons des solutions orient\u00e9es vers vos objectifs, tout en \u00e9tablissant des relations humaines \u00e0 long terme.\" \/>\n<meta name=\"robots\" content=\"index, follow, max-snippet:-1, max-image-preview:large, max-video-preview:-1\" \/>\n<link rel=\"canonical\" href=\"https:\/\/horizantsolutions.com\/fr\/nos-procedes\/\" \/>\n<meta property=\"og:locale\" content=\"fr_FR\" \/>\n<meta property=\"og:type\" content=\"article\" \/>\n<meta property=\"og:title\" content=\"Nos proc\u00e9d\u00e9s | HORIZANT.\" \/>\n<meta property=\"og:description\" content=\"Nous voulons comprendre les besoins de votre organisation et d\u00e9ployons des solutions orient\u00e9es vers vos objectifs, tout en \u00e9tablissant des relations humaines \u00e0 long terme.\" \/>\n<meta property=\"og:url\" content=\"https:\/\/horizantsolutions.com\/fr\/nos-procedes\/\" \/>\n<meta property=\"og:site_name\" content=\"Horizant Solutions\" \/>\n<meta property=\"article:modified_time\" content=\"2023-05-04T17:29:12+00:00\" \/>\n<meta property=\"og:image\" content=\"https:\/\/horizantsolutions.com\/wp-content\/uploads\/2021\/11\/process-header.png\" \/>\n\t<meta property=\"og:image:width\" content=\"1715\" \/>\n\t<meta property=\"og:image:height\" content=\"495\" \/>\n\t<meta property=\"og:image:type\" content=\"image\/png\" \/>\n<meta name=\"twitter:card\" content=\"summary_large_image\" \/>\n<script type=\"application\/ld+json\" class=\"yoast-schema-graph\">{\"@context\":\"https:\/\/schema.org\",\"@graph\":[{\"@type\":\"WebPage\",\"@id\":\"https:\/\/horizantsolutions.com\/fr\/nos-procedes\/\",\"url\":\"https:\/\/horizantsolutions.com\/fr\/nos-procedes\/\",\"name\":\"Nos proc\u00e9d\u00e9s | HORIZANT.\",\"isPartOf\":{\"@id\":\"https:\/\/horizantsolutions.com\/#website\"},\"primaryImageOfPage\":{\"@id\":\"https:\/\/horizantsolutions.com\/fr\/nos-procedes\/#primaryimage\"},\"image\":{\"@id\":\"https:\/\/horizantsolutions.com\/fr\/nos-procedes\/#primaryimage\"},\"thumbnailUrl\":\"https:\/\/horizantsolutions.com\/wp-content\/uploads\/2021\/11\/process-header.png\",\"datePublished\":\"2022-02-13T18:31:27+00:00\",\"dateModified\":\"2023-05-04T17:29:12+00:00\",\"description\":\"Nous voulons comprendre les besoins de votre organisation et d\u00e9ployons des solutions orient\u00e9es vers vos objectifs, tout en \u00e9tablissant des relations humaines \u00e0 long terme.\",\"breadcrumb\":{\"@id\":\"https:\/\/horizantsolutions.com\/fr\/nos-procedes\/#breadcrumb\"},\"inLanguage\":\"fr-FR\",\"potentialAction\":[{\"@type\":\"ReadAction\",\"target\":[\"https:\/\/horizantsolutions.com\/fr\/nos-procedes\/\"]}]},{\"@type\":\"ImageObject\",\"inLanguage\":\"fr-FR\",\"@id\":\"https:\/\/horizantsolutions.com\/fr\/nos-procedes\/#primaryimage\",\"url\":\"https:\/\/horizantsolutions.com\/wp-content\/uploads\/2021\/11\/process-header.png\",\"contentUrl\":\"https:\/\/horizantsolutions.com\/wp-content\/uploads\/2021\/11\/process-header.png\",\"width\":1600,\"height\":462,\"caption\":\"process-header\"},{\"@type\":\"BreadcrumbList\",\"@id\":\"https:\/\/horizantsolutions.com\/fr\/nos-procedes\/#breadcrumb\",\"itemListElement\":[{\"@type\":\"ListItem\",\"position\":1,\"name\":\"Home\",\"item\":\"https:\/\/horizantsolutions.com\/fr\/\"},{\"@type\":\"ListItem\",\"position\":2,\"name\":\"Nos proc\u00e9d\u00e9s\"}]},{\"@type\":\"WebSite\",\"@id\":\"https:\/\/horizantsolutions.com\/#website\",\"url\":\"https:\/\/horizantsolutions.com\/\",\"name\":\"Horizant Solutions\",\"description\":\"North America\u2019s Leading Integrator of IWMS Software\",\"publisher\":{\"@id\":\"https:\/\/horizantsolutions.com\/#organization\"},\"potentialAction\":[{\"@type\":\"SearchAction\",\"target\":{\"@type\":\"EntryPoint\",\"urlTemplate\":\"https:\/\/horizantsolutions.com\/?s={search_term_string}\"},\"query-input\":{\"@type\":\"PropertyValueSpecification\",\"valueRequired\":true,\"valueName\":\"search_term_string\"}}],\"inLanguage\":\"fr-FR\"},{\"@type\":\"Organization\",\"@id\":\"https:\/\/horizantsolutions.com\/#organization\",\"name\":\"Horizant Solutions\",\"url\":\"https:\/\/horizantsolutions.com\/\",\"logo\":{\"@type\":\"ImageObject\",\"inLanguage\":\"fr-FR\",\"@id\":\"https:\/\/horizantsolutions.com\/#\/schema\/logo\/image\/\",\"url\":\"https:\/\/horizantsolutions.com\/wp-content\/uploads\/2021\/12\/horizant-wordmark-logo-blue.png\",\"contentUrl\":\"https:\/\/horizantsolutions.com\/wp-content\/uploads\/2021\/12\/horizant-wordmark-logo-blue.png\",\"width\":787,\"height\":213,\"caption\":\"Horizant Solutions\"},\"image\":{\"@id\":\"https:\/\/horizantsolutions.com\/#\/schema\/logo\/image\/\"}}]}<\/script>\n<!-- \/ Yoast SEO plugin. -->","yoast_head_json":{"title":"Nos proc\u00e9d\u00e9s | HORIZANT.","description":"Nous voulons comprendre les besoins de votre organisation et d\u00e9ployons des solutions orient\u00e9es vers vos objectifs, tout en \u00e9tablissant des relations humaines \u00e0 long terme.","robots":{"index":"index","follow":"follow","max-snippet":"max-snippet:-1","max-image-preview":"max-image-preview:large","max-video-preview":"max-video-preview:-1"},"canonical":"https:\/\/horizantsolutions.com\/fr\/nos-procedes\/","og_locale":"fr_FR","og_type":"article","og_title":"Nos proc\u00e9d\u00e9s | HORIZANT.","og_description":"Nous voulons comprendre les besoins de votre organisation et d\u00e9ployons des solutions orient\u00e9es vers vos objectifs, tout en \u00e9tablissant des relations humaines \u00e0 long terme.","og_url":"https:\/\/horizantsolutions.com\/fr\/nos-procedes\/","og_site_name":"Horizant Solutions","article_modified_time":"2023-05-04T17:29:12+00:00","og_image":[{"width":1715,"height":495,"url":"https:\/\/horizantsolutions.com\/wp-content\/uploads\/2021\/11\/process-header.png","type":"image\/png"}],"twitter_card":"summary_large_image","schema":{"@context":"https:\/\/schema.org","@graph":[{"@type":"WebPage","@id":"https:\/\/horizantsolutions.com\/fr\/nos-procedes\/","url":"https:\/\/horizantsolutions.com\/fr\/nos-procedes\/","name":"Nos proc\u00e9d\u00e9s | HORIZANT.","isPartOf":{"@id":"https:\/\/horizantsolutions.com\/#website"},"primaryImageOfPage":{"@id":"https:\/\/horizantsolutions.com\/fr\/nos-procedes\/#primaryimage"},"image":{"@id":"https:\/\/horizantsolutions.com\/fr\/nos-procedes\/#primaryimage"},"thumbnailUrl":"https:\/\/horizantsolutions.com\/wp-content\/uploads\/2021\/11\/process-header.png","datePublished":"2022-02-13T18:31:27+00:00","dateModified":"2023-05-04T17:29:12+00:00","description":"Nous voulons comprendre les besoins de votre organisation et d\u00e9ployons des solutions orient\u00e9es vers vos objectifs, tout en \u00e9tablissant des relations humaines \u00e0 long terme.","breadcrumb":{"@id":"https:\/\/horizantsolutions.com\/fr\/nos-procedes\/#breadcrumb"},"inLanguage":"fr-FR","potentialAction":[{"@type":"ReadAction","target":["https:\/\/horizantsolutions.com\/fr\/nos-procedes\/"]}]},{"@type":"ImageObject","inLanguage":"fr-FR","@id":"https:\/\/horizantsolutions.com\/fr\/nos-procedes\/#primaryimage","url":"https:\/\/horizantsolutions.com\/wp-content\/uploads\/2021\/11\/process-header.png","contentUrl":"https:\/\/horizantsolutions.com\/wp-content\/uploads\/2021\/11\/process-header.png","width":1600,"height":462,"caption":"process-header"},{"@type":"BreadcrumbList","@id":"https:\/\/horizantsolutions.com\/fr\/nos-procedes\/#breadcrumb","itemListElement":[{"@type":"ListItem","position":1,"name":"Home","item":"https:\/\/horizantsolutions.com\/fr\/"},{"@type":"ListItem","position":2,"name":"Nos proc\u00e9d\u00e9s"}]},{"@type":"WebSite","@id":"https:\/\/horizantsolutions.com\/#website","url":"https:\/\/horizantsolutions.com\/","name":"Horizant Solutions","description":"North America\u2019s Leading Integrator of IWMS Software","publisher":{"@id":"https:\/\/horizantsolutions.com\/#organization"},"potentialAction":[{"@type":"SearchAction","target":{"@type":"EntryPoint","urlTemplate":"https:\/\/horizantsolutions.com\/?s={search_term_string}"},"query-input":{"@type":"PropertyValueSpecification","valueRequired":true,"valueName":"search_term_string"}}],"inLanguage":"fr-FR"},{"@type":"Organization","@id":"https:\/\/horizantsolutions.com\/#organization","name":"Horizant Solutions","url":"https:\/\/horizantsolutions.com\/","logo":{"@type":"ImageObject","inLanguage":"fr-FR","@id":"https:\/\/horizantsolutions.com\/#\/schema\/logo\/image\/","url":"https:\/\/horizantsolutions.com\/wp-content\/uploads\/2021\/12\/horizant-wordmark-logo-blue.png","contentUrl":"https:\/\/horizantsolutions.com\/wp-content\/uploads\/2021\/12\/horizant-wordmark-logo-blue.png","width":787,"height":213,"caption":"Horizant Solutions"},"image":{"@id":"https:\/\/horizantsolutions.com\/#\/schema\/logo\/image\/"}}]}},"_links":{"self":[{"href":"https:\/\/horizantsolutions.com\/fr\/wp-json\/wp\/v2\/pages\/5029","targetHints":{"allow":["GET"]}}],"collection":[{"href":"https:\/\/horizantsolutions.com\/fr\/wp-json\/wp\/v2\/pages"}],"about":[{"href":"https:\/\/horizantsolutions.com\/fr\/wp-json\/wp\/v2\/types\/page"}],"author":[{"embeddable":true,"href":"https:\/\/horizantsolutions.com\/fr\/wp-json\/wp\/v2\/users\/3"}],"replies":[{"embeddable":true,"href":"https:\/\/horizantsolutions.com\/fr\/wp-json\/wp\/v2\/comments?post=5029"}],"version-history":[{"count":0,"href":"https:\/\/horizantsolutions.com\/fr\/wp-json\/wp\/v2\/pages\/5029\/revisions"}],"wp:featuredmedia":[{"embeddable":true,"href":"https:\/\/horizantsolutions.com\/fr\/wp-json\/wp\/v2\/media\/3389"}],"wp:attachment":[{"href":"https:\/\/horizantsolutions.com\/fr\/wp-json\/wp\/v2\/media?parent=5029"}],"curies":[{"name":"wp","href":"https:\/\/api.w.org\/{rel}","templated":true}]}}