{"id":10945,"date":"2022-07-29T22:46:12","date_gmt":"2022-07-30T02:46:12","guid":{"rendered":"https:\/\/horizantsolutions.com\/solutions\/training-services\/"},"modified":"2025-03-03T19:46:09","modified_gmt":"2025-03-04T00:46:09","slug":"formation","status":"publish","type":"page","link":"https:\/\/horizantsolutions.com\/fr\/solutions\/formation\/","title":{"rendered":"Services de formation"},"content":{"rendered":"","protected":false},"excerpt":{"rendered":"","protected":false},"author":3,"featured_media":8922,"parent":5085,"menu_order":0,"comment_status":"closed","ping_status":"closed","template":"page-templates\/solutions-child-training.php","meta":{"_acf_changed":true,"content-type":"","footnotes":""},"class_list":["post-10945","page","type-page","status-publish","has-post-thumbnail","hentry"],"acf":[],"yoast_head":"<!-- This site is optimized with the Yoast SEO plugin v27.1.1 - https:\/\/yoast.com\/product\/yoast-seo-wordpress\/ -->\n<title>Services de formation des clients | Horizant Solutions<\/title>\n<meta name=\"description\" content=\"Horizant offre des services de formation sur mesure con\u00e7us pour la mise en\u0153uvre de logiciels. Contactez-nous pour commencer d\u00e8s aujourd&#039;hui.\" \/>\n<meta name=\"robots\" content=\"index, follow, max-snippet:-1, max-image-preview:large, max-video-preview:-1\" \/>\n<link rel=\"canonical\" href=\"https:\/\/horizantsolutions.com\/fr\/solutions\/formation\/\" \/>\n<meta property=\"og:locale\" content=\"fr_FR\" \/>\n<meta property=\"og:type\" content=\"article\" \/>\n<meta property=\"og:title\" content=\"Services de formation des clients | Horizant Solutions\" \/>\n<meta property=\"og:description\" content=\"Horizant offre des services de formation sur mesure con\u00e7us pour la mise en\u0153uvre de logiciels. Contactez-nous pour commencer d\u00e8s aujourd&#039;hui.\" \/>\n<meta property=\"og:url\" content=\"https:\/\/horizantsolutions.com\/fr\/solutions\/formation\/\" \/>\n<meta property=\"og:site_name\" content=\"Horizant Solutions\" \/>\n<meta property=\"article:modified_time\" content=\"2025-03-04T00:46:09+00:00\" \/>\n<meta property=\"og:image\" content=\"https:\/\/horizantsolutions.com\/wp-content\/uploads\/2022\/07\/iStock-1027517192.jpg\" \/>\n\t<meta property=\"og:image:width\" content=\"1600\" \/>\n\t<meta property=\"og:image:height\" content=\"462\" \/>\n\t<meta property=\"og:image:type\" content=\"image\/jpeg\" \/>\n<meta name=\"twitter:card\" content=\"summary_large_image\" \/>\n<meta name=\"twitter:label1\" content=\"Dur\u00e9e de lecture estim\u00e9e\" \/>\n\t<meta name=\"twitter:data1\" content=\"1 minute\" \/>\n<script type=\"application\/ld+json\" class=\"yoast-schema-graph\">{\"@context\":\"https:\/\/schema.org\",\"@graph\":[{\"@type\":\"WebPage\",\"@id\":\"https:\/\/horizantsolutions.com\/fr\/solutions\/formation\/\",\"url\":\"https:\/\/horizantsolutions.com\/fr\/solutions\/formation\/\",\"name\":\"Services de formation des clients | Horizant Solutions\",\"isPartOf\":{\"@id\":\"https:\/\/horizantsolutions.com\/#website\"},\"primaryImageOfPage\":{\"@id\":\"https:\/\/horizantsolutions.com\/fr\/solutions\/formation\/#primaryimage\"},\"image\":{\"@id\":\"https:\/\/horizantsolutions.com\/fr\/solutions\/formation\/#primaryimage\"},\"thumbnailUrl\":\"https:\/\/horizantsolutions.com\/wp-content\/uploads\/2022\/07\/iStock-1027517192.jpg\",\"datePublished\":\"2022-07-30T02:46:12+00:00\",\"dateModified\":\"2025-03-04T00:46:09+00:00\",\"description\":\"Horizant offre des services de formation sur mesure con\u00e7us pour la mise en\u0153uvre de logiciels. Contactez-nous pour commencer d\u00e8s aujourd'hui.\",\"breadcrumb\":{\"@id\":\"https:\/\/horizantsolutions.com\/fr\/solutions\/formation\/#breadcrumb\"},\"inLanguage\":\"fr-FR\",\"potentialAction\":[{\"@type\":\"ReadAction\",\"target\":[\"https:\/\/horizantsolutions.com\/fr\/solutions\/formation\/\"]}]},{\"@type\":\"ImageObject\",\"inLanguage\":\"fr-FR\",\"@id\":\"https:\/\/horizantsolutions.com\/fr\/solutions\/formation\/#primaryimage\",\"url\":\"https:\/\/horizantsolutions.com\/wp-content\/uploads\/2022\/07\/iStock-1027517192.jpg\",\"contentUrl\":\"https:\/\/horizantsolutions.com\/wp-content\/uploads\/2022\/07\/iStock-1027517192.jpg\",\"width\":1600,\"height\":462},{\"@type\":\"BreadcrumbList\",\"@id\":\"https:\/\/horizantsolutions.com\/fr\/solutions\/formation\/#breadcrumb\",\"itemListElement\":[{\"@type\":\"ListItem\",\"position\":1,\"name\":\"Home\",\"item\":\"https:\/\/horizantsolutions.com\/fr\/\"},{\"@type\":\"ListItem\",\"position\":2,\"name\":\"Solutions\",\"item\":\"https:\/\/horizantsolutions.com\/fr\/solutions\/\"},{\"@type\":\"ListItem\",\"position\":3,\"name\":\"Services de formation\"}]},{\"@type\":\"WebSite\",\"@id\":\"https:\/\/horizantsolutions.com\/#website\",\"url\":\"https:\/\/horizantsolutions.com\/\",\"name\":\"Horizant Solutions\",\"description\":\"North America\u2019s Leading Integrator of IWMS Software\",\"publisher\":{\"@id\":\"https:\/\/horizantsolutions.com\/#organization\"},\"potentialAction\":[{\"@type\":\"SearchAction\",\"target\":{\"@type\":\"EntryPoint\",\"urlTemplate\":\"https:\/\/horizantsolutions.com\/?s={search_term_string}\"},\"query-input\":{\"@type\":\"PropertyValueSpecification\",\"valueRequired\":true,\"valueName\":\"search_term_string\"}}],\"inLanguage\":\"fr-FR\"},{\"@type\":\"Organization\",\"@id\":\"https:\/\/horizantsolutions.com\/#organization\",\"name\":\"Horizant Solutions\",\"url\":\"https:\/\/horizantsolutions.com\/\",\"logo\":{\"@type\":\"ImageObject\",\"inLanguage\":\"fr-FR\",\"@id\":\"https:\/\/horizantsolutions.com\/#\/schema\/logo\/image\/\",\"url\":\"https:\/\/horizantsolutions.com\/wp-content\/uploads\/2021\/12\/horizant-wordmark-logo-blue.png\",\"contentUrl\":\"https:\/\/horizantsolutions.com\/wp-content\/uploads\/2021\/12\/horizant-wordmark-logo-blue.png\",\"width\":787,\"height\":213,\"caption\":\"Horizant Solutions\"},\"image\":{\"@id\":\"https:\/\/horizantsolutions.com\/#\/schema\/logo\/image\/\"}}]}<\/script>\n<!-- \/ Yoast SEO plugin. -->","yoast_head_json":{"title":"Services de formation des clients | Horizant Solutions","description":"Horizant offre des services de formation sur mesure con\u00e7us pour la mise en\u0153uvre de logiciels. Contactez-nous pour commencer d\u00e8s aujourd'hui.","robots":{"index":"index","follow":"follow","max-snippet":"max-snippet:-1","max-image-preview":"max-image-preview:large","max-video-preview":"max-video-preview:-1"},"canonical":"https:\/\/horizantsolutions.com\/fr\/solutions\/formation\/","og_locale":"fr_FR","og_type":"article","og_title":"Services de formation des clients | Horizant Solutions","og_description":"Horizant offre des services de formation sur mesure con\u00e7us pour la mise en\u0153uvre de logiciels. Contactez-nous pour commencer d\u00e8s aujourd'hui.","og_url":"https:\/\/horizantsolutions.com\/fr\/solutions\/formation\/","og_site_name":"Horizant Solutions","article_modified_time":"2025-03-04T00:46:09+00:00","og_image":[{"width":1600,"height":462,"url":"https:\/\/horizantsolutions.com\/wp-content\/uploads\/2022\/07\/iStock-1027517192.jpg","type":"image\/jpeg"}],"twitter_card":"summary_large_image","twitter_misc":{"Dur\u00e9e de lecture estim\u00e9e":"1 minute"},"schema":{"@context":"https:\/\/schema.org","@graph":[{"@type":"WebPage","@id":"https:\/\/horizantsolutions.com\/fr\/solutions\/formation\/","url":"https:\/\/horizantsolutions.com\/fr\/solutions\/formation\/","name":"Services de formation des clients | Horizant Solutions","isPartOf":{"@id":"https:\/\/horizantsolutions.com\/#website"},"primaryImageOfPage":{"@id":"https:\/\/horizantsolutions.com\/fr\/solutions\/formation\/#primaryimage"},"image":{"@id":"https:\/\/horizantsolutions.com\/fr\/solutions\/formation\/#primaryimage"},"thumbnailUrl":"https:\/\/horizantsolutions.com\/wp-content\/uploads\/2022\/07\/iStock-1027517192.jpg","datePublished":"2022-07-30T02:46:12+00:00","dateModified":"2025-03-04T00:46:09+00:00","description":"Horizant offre des services de formation sur mesure con\u00e7us pour la mise en\u0153uvre de logiciels. Contactez-nous pour commencer d\u00e8s aujourd'hui.","breadcrumb":{"@id":"https:\/\/horizantsolutions.com\/fr\/solutions\/formation\/#breadcrumb"},"inLanguage":"fr-FR","potentialAction":[{"@type":"ReadAction","target":["https:\/\/horizantsolutions.com\/fr\/solutions\/formation\/"]}]},{"@type":"ImageObject","inLanguage":"fr-FR","@id":"https:\/\/horizantsolutions.com\/fr\/solutions\/formation\/#primaryimage","url":"https:\/\/horizantsolutions.com\/wp-content\/uploads\/2022\/07\/iStock-1027517192.jpg","contentUrl":"https:\/\/horizantsolutions.com\/wp-content\/uploads\/2022\/07\/iStock-1027517192.jpg","width":1600,"height":462},{"@type":"BreadcrumbList","@id":"https:\/\/horizantsolutions.com\/fr\/solutions\/formation\/#breadcrumb","itemListElement":[{"@type":"ListItem","position":1,"name":"Home","item":"https:\/\/horizantsolutions.com\/fr\/"},{"@type":"ListItem","position":2,"name":"Solutions","item":"https:\/\/horizantsolutions.com\/fr\/solutions\/"},{"@type":"ListItem","position":3,"name":"Services de formation"}]},{"@type":"WebSite","@id":"https:\/\/horizantsolutions.com\/#website","url":"https:\/\/horizantsolutions.com\/","name":"Horizant Solutions","description":"North America\u2019s Leading Integrator of IWMS Software","publisher":{"@id":"https:\/\/horizantsolutions.com\/#organization"},"potentialAction":[{"@type":"SearchAction","target":{"@type":"EntryPoint","urlTemplate":"https:\/\/horizantsolutions.com\/?s={search_term_string}"},"query-input":{"@type":"PropertyValueSpecification","valueRequired":true,"valueName":"search_term_string"}}],"inLanguage":"fr-FR"},{"@type":"Organization","@id":"https:\/\/horizantsolutions.com\/#organization","name":"Horizant Solutions","url":"https:\/\/horizantsolutions.com\/","logo":{"@type":"ImageObject","inLanguage":"fr-FR","@id":"https:\/\/horizantsolutions.com\/#\/schema\/logo\/image\/","url":"https:\/\/horizantsolutions.com\/wp-content\/uploads\/2021\/12\/horizant-wordmark-logo-blue.png","contentUrl":"https:\/\/horizantsolutions.com\/wp-content\/uploads\/2021\/12\/horizant-wordmark-logo-blue.png","width":787,"height":213,"caption":"Horizant Solutions"},"image":{"@id":"https:\/\/horizantsolutions.com\/#\/schema\/logo\/image\/"}}]}},"_links":{"self":[{"href":"https:\/\/horizantsolutions.com\/fr\/wp-json\/wp\/v2\/pages\/10945","targetHints":{"allow":["GET"]}}],"collection":[{"href":"https:\/\/horizantsolutions.com\/fr\/wp-json\/wp\/v2\/pages"}],"about":[{"href":"https:\/\/horizantsolutions.com\/fr\/wp-json\/wp\/v2\/types\/page"}],"author":[{"embeddable":true,"href":"https:\/\/horizantsolutions.com\/fr\/wp-json\/wp\/v2\/users\/3"}],"replies":[{"embeddable":true,"href":"https:\/\/horizantsolutions.com\/fr\/wp-json\/wp\/v2\/comments?post=10945"}],"version-history":[{"count":0,"href":"https:\/\/horizantsolutions.com\/fr\/wp-json\/wp\/v2\/pages\/10945\/revisions"}],"up":[{"embeddable":true,"href":"https:\/\/horizantsolutions.com\/fr\/wp-json\/wp\/v2\/pages\/5085"}],"wp:featuredmedia":[{"embeddable":true,"href":"https:\/\/horizantsolutions.com\/fr\/wp-json\/wp\/v2\/media\/8922"}],"wp:attachment":[{"href":"https:\/\/horizantsolutions.com\/fr\/wp-json\/wp\/v2\/media?parent=10945"}],"curies":[{"name":"wp","href":"https:\/\/api.w.org\/{rel}","templated":true}]}}